{"id":197,"date":"2023-03-17T15:58:31","date_gmt":"2023-03-17T15:58:31","guid":{"rendered":"https:\/\/warqhelmets.com\/?page_id=197"},"modified":"2024-11-19T16:38:32","modified_gmt":"2024-11-19T16:38:32","slug":"article-scenario-based-training-in-law-enforcement","status":"publish","type":"page","link":"https:\/\/warqhelmets.com\/es\/articulo-escenario-basado-entrenamiento-en-la-aplicacion-de-la-ley\/","title":{"rendered":"ART\u00cdCULO: Capacitaci\u00f3n basada en escenarios en aplicaci\u00f3n de la ley"},"content":{"rendered":"<div data-elementor-type=\"wp-page\" data-elementor-id=\"197\" class=\"elementor elementor-197\">\n\t\t\t\t\t\t<section class=\"elementor-section elementor-top-section elementor-element elementor-element-060e237 elementor-section-boxed elementor-section-height-default elementor-section-height-default\" data-id=\"060e237\" data-element_type=\"section\" data-settings=\"{&quot;background_background&quot;:&quot;classic&quot;}\">\n\t\t\t\t\t\t\t<div class=\"elementor-background-overlay\"><\/div>\n\t\t\t\t\t\t\t<div class=\"elementor-container elementor-column-gap-default\">\n\t\t\t\t\t<div class=\"elementor-column elementor-col-50 elementor-top-column elementor-element elementor-element-efaff5f\" data-id=\"efaff5f\" data-element_type=\"column\">\n\t\t\t<div class=\"elementor-widget-wrap elementor-element-populated\">\n\t\t\t\t\t\t<div class=\"elementor-element elementor-element-62860db elementor-widget elementor-widget-spacer\" data-id=\"62860db\" data-element_type=\"widget\" data-widget_type=\"spacer.default\">\n\t\t\t\t<div class=\"elementor-widget-container\">\n\t\t\t\t\t\t\t<div class=\"elementor-spacer\">\n\t\t\t<div class=\"elementor-spacer-inner\"><\/div>\n\t\t<\/div>\n\t\t\t\t\t\t<\/div>\n\t\t\t\t<\/div>\n\t\t\t\t<div class=\"elementor-element elementor-element-875d5c3 elementor-widget elementor-widget-heading\" data-id=\"875d5c3\" data-element_type=\"widget\" data-widget_type=\"heading.default\">\n\t\t\t\t<div class=\"elementor-widget-container\">\n\t\t\t\t\t<h2 class=\"elementor-heading-title elementor-size-default\">NO HAY TAL COSA COMO UNA LLAMADA DE RUTINA:<\/h2>\t\t\t\t<\/div>\n\t\t\t\t<\/div>\n\t\t\t\t<div class=\"elementor-element elementor-element-9f6f68f elementor-widget elementor-widget-heading\" data-id=\"9f6f68f\" data-element_type=\"widget\" data-widget_type=\"heading.default\">\n\t\t\t\t<div class=\"elementor-widget-container\">\n\t\t\t\t\t<h2 class=\"elementor-heading-title elementor-size-default\">ENTRENAMIENTO BASADO EN ESCENARIOS PARA LAS APLICACIONES DE LA LEY<\/h2>\t\t\t\t<\/div>\n\t\t\t\t<\/div>\n\t\t\t\t<div class=\"elementor-element elementor-element-ceb59f5 elementor-widget elementor-widget-spacer\" data-id=\"ceb59f5\" data-element_type=\"widget\" data-widget_type=\"spacer.default\">\n\t\t\t\t<div class=\"elementor-widget-container\">\n\t\t\t\t\t\t\t<div class=\"elementor-spacer\">\n\t\t\t<div class=\"elementor-spacer-inner\"><\/div>\n\t\t<\/div>\n\t\t\t\t\t\t<\/div>\n\t\t\t\t<\/div>\n\t\t\t\t\t<\/div>\n\t\t<\/div>\n\t\t\t\t<div class=\"elementor-column elementor-col-50 elementor-top-column elementor-element elementor-element-571d409\" data-id=\"571d409\" data-element_type=\"column\">\n\t\t\t<div class=\"elementor-widget-wrap\">\n\t\t\t\t\t\t\t<\/div>\n\t\t<\/div>\n\t\t\t\t\t<\/div>\n\t\t<\/section>\n\t\t\t\t<section class=\"elementor-section elementor-top-section elementor-element elementor-element-4bdf0df elementor-section-boxed elementor-section-height-default elementor-section-height-default\" data-id=\"4bdf0df\" data-element_type=\"section\">\n\t\t\t\t\t\t<div class=\"elementor-container elementor-column-gap-default\">\n\t\t\t\t\t<div class=\"elementor-column elementor-col-100 elementor-top-column elementor-element elementor-element-d8d2ad6\" data-id=\"d8d2ad6\" data-element_type=\"column\">\n\t\t\t<div class=\"elementor-widget-wrap elementor-element-populated\">\n\t\t\t\t\t\t<div class=\"elementor-element elementor-element-f0d75e3 elementor-widget elementor-widget-spacer\" data-id=\"f0d75e3\" data-element_type=\"widget\" data-widget_type=\"spacer.default\">\n\t\t\t\t<div class=\"elementor-widget-container\">\n\t\t\t\t\t\t\t<div class=\"elementor-spacer\">\n\t\t\t<div class=\"elementor-spacer-inner\"><\/div>\n\t\t<\/div>\n\t\t\t\t\t\t<\/div>\n\t\t\t\t<\/div>\n\t\t\t\t<div class=\"elementor-element elementor-element-9d6223c elementor-widget elementor-widget-text-editor\" data-id=\"9d6223c\" data-element_type=\"widget\" data-widget_type=\"text-editor.default\">\n\t\t\t\t<div class=\"elementor-widget-container\">\n\t\t\t\t\t\t\t\t\t<p>Uno de los objetivos principales de cualquier fuerza policial moderna es proporcionar una formaci\u00f3n realista y eficaz que prepare a los agentes para situaciones del mundo real. Esto es de vital importancia no solo para la seguridad de los oficiales, sino tambi\u00e9n para mantener la confianza del p\u00fablico.<\/p><p>Hay varias maneras diferentes en que las fuerzas policiales pueden lograr este objetivo. Un enfoque particularmente eficaz es el juego de roles situacional; que es una formaci\u00f3n dise\u00f1ada para producir una r\u00e9plica aut\u00e9ntica, segura y din\u00e1mica del entorno operativo. Los organismos encargados de hacer cumplir la ley est\u00e1n adoptando r\u00e1pidamente este tipo de capacitaci\u00f3n basada en la realidad para ayudar a los oficiales a perfeccionar sus habilidades y desarrollar un mejor juicio cuando se enfrentan a situaciones del mundo real.<\/p>\t\t\t\t\t\t\t\t<\/div>\n\t\t\t\t<\/div>\n\t\t\t\t<div class=\"elementor-element elementor-element-2084070 elementor-widget elementor-widget-spacer\" data-id=\"2084070\" data-element_type=\"widget\" data-widget_type=\"spacer.default\">\n\t\t\t\t<div class=\"elementor-widget-container\">\n\t\t\t\t\t\t\t<div class=\"elementor-spacer\">\n\t\t\t<div class=\"elementor-spacer-inner\"><\/div>\n\t\t<\/div>\n\t\t\t\t\t\t<\/div>\n\t\t\t\t<\/div>\n\t\t\t\t<div class=\"elementor-element elementor-element-92ea985 elementor-widget elementor-widget-text-editor\" data-id=\"92ea985\" data-element_type=\"widget\" data-widget_type=\"text-editor.default\">\n\t\t\t\t<div class=\"elementor-widget-container\">\n\t\t\t\t\t\t\t\t\t<p>\u201cEl entrenamiento poco realista conduce a expectativas poco realistas y las expectativas poco realistas son mortales en la calle\u201d. \u2013Jeff Chudwin<\/p>\t\t\t\t\t\t\t\t<\/div>\n\t\t\t\t<\/div>\n\t\t\t\t<div class=\"elementor-element elementor-element-9dd05dd elementor-widget elementor-widget-spacer\" data-id=\"9dd05dd\" data-element_type=\"widget\" data-widget_type=\"spacer.default\">\n\t\t\t\t<div class=\"elementor-widget-container\">\n\t\t\t\t\t\t\t<div class=\"elementor-spacer\">\n\t\t\t<div class=\"elementor-spacer-inner\"><\/div>\n\t\t<\/div>\n\t\t\t\t\t\t<\/div>\n\t\t\t\t<\/div>\n\t\t\t\t<div class=\"elementor-element elementor-element-c5aa944 elementor-widget elementor-widget-heading\" data-id=\"c5aa944\" data-element_type=\"widget\" data-widget_type=\"heading.default\">\n\t\t\t\t<div class=\"elementor-widget-container\">\n\t\t\t\t\t<h2 class=\"elementor-heading-title elementor-size-default\">ACTION &amp; DECISION MAKING UNDER STRESS<\/h2>\t\t\t\t<\/div>\n\t\t\t\t<\/div>\n\t\t\t\t<div class=\"elementor-element elementor-element-de71b8d elementor-widget elementor-widget-text-editor\" data-id=\"de71b8d\" data-element_type=\"widget\" data-widget_type=\"text-editor.default\">\n\t\t\t\t<div class=\"elementor-widget-container\">\n\t\t\t\t\t\t\t\t\t<p>Las rondas de entrenamiento bal\u00edstico y el entrenamiento basado en escenarios pueden evaluar a los usuarios de las fuerzas del orden en situaciones estresantes y de r\u00e1pida evoluci\u00f3n que pueden abarcar todo el uso continuo de la fuerza. El estr\u00e9s en el aprendiz puede aumentar a trav\u00e9s de las acciones de los jugadores de rol y a trav\u00e9s del potencial de dolor percibido si se dispara con una ronda de entrenamiento bal\u00edstico. Las rondas de entrenamiento bal\u00edstico, aunque no son letales, son dolorosas al golpearlas y pueden dejar ronchas o romper la piel. Este potencial de dolor impulsa a\u00fan m\u00e1s la efectividad del entrenamiento, porque el miedo a ser golpeado con una ronda de entrenamiento bal\u00edstico puede influir en los usuarios de la polic\u00eda para que cambien sus t\u00e1cticas y muestren comportamientos que de otro modo no mostrar\u00edan en un entorno m\u00e1s controlado.<\/p><p>Cuando sube la adrenalina y los usuarios participan en estos encuentros simulados, las debilidades en el entrenamiento quedan expuestas r\u00e1pidamente. Se revelan habilidades que no est\u00e1n condicionadas al nivel de dominio inconsciente y, al final, esta presi\u00f3n da como resultado una experiencia de entrenamiento mucho m\u00e1s efectiva y aplicable.<\/p>\t\t\t\t\t\t\t\t<\/div>\n\t\t\t\t<\/div>\n\t\t\t\t<div class=\"elementor-element elementor-element-b84c91a elementor-widget elementor-widget-spacer\" data-id=\"b84c91a\" data-element_type=\"widget\" data-widget_type=\"spacer.default\">\n\t\t\t\t<div class=\"elementor-widget-container\">\n\t\t\t\t\t\t\t<div class=\"elementor-spacer\">\n\t\t\t<div class=\"elementor-spacer-inner\"><\/div>\n\t\t<\/div>\n\t\t\t\t\t\t<\/div>\n\t\t\t\t<\/div>\n\t\t\t\t<div class=\"elementor-element elementor-element-727cb71 elementor-widget elementor-widget-heading\" data-id=\"727cb71\" data-element_type=\"widget\" data-widget_type=\"heading.default\">\n\t\t\t\t<div class=\"elementor-widget-container\">\n\t\t\t\t\t<h2 class=\"elementor-heading-title elementor-size-default\">PROTECTION PROTOCOLS &amp; STANDARDS<\/h2>\t\t\t\t<\/div>\n\t\t\t\t<\/div>\n\t\t\t\t<div class=\"elementor-element elementor-element-60c6916 elementor-widget elementor-widget-text-editor\" data-id=\"60c6916\" data-element_type=\"widget\" data-widget_type=\"text-editor.default\">\n\t\t\t\t<div class=\"elementor-widget-container\">\n\t\t\t\t\t\t\t\t\t<p>El estr\u00e9s inducido por los jugadores de rol y la pena de dolor de ser golpeado es parte del realismo del entrenamiento, pero los participantes <u>debe<\/u> protegerse responsablemente de cualquier da\u00f1o grave. La cabeza, la cara y el cuello son zonas espec\u00edficas que requieren una protecci\u00f3n total, tanto de proyectiles como de golpes. Ha habido muchos informes de lesiones graves a usuarios de la polic\u00eda que usan equipo de entrenamiento insuficiente o uso indisciplinado del equipo durante el entrenamiento de fuerza contra fuerza. Algo tan simple como levantar una visera para limpiar la niebla en el pasado result\u00f3 en la p\u00e9rdida de un ojo para un usuario de la ley.<\/p>\t\t\t\t\t\t\t\t<\/div>\n\t\t\t\t<\/div>\n\t\t\t\t<div class=\"elementor-element elementor-element-e69191b elementor-widget-divider--view-line elementor-widget elementor-widget-divider\" data-id=\"e69191b\" data-element_type=\"widget\" data-widget_type=\"divider.default\">\n\t\t\t\t<div class=\"elementor-widget-container\">\n\t\t\t\t\t\t\t<div class=\"elementor-divider\">\n\t\t\t<span class=\"elementor-divider-separator\">\n\t\t\t\t\t\t<\/span>\n\t\t<\/div>\n\t\t\t\t\t\t<\/div>\n\t\t\t\t<\/div>\n\t\t\t\t<section class=\"elementor-section elementor-inner-section elementor-element elementor-element-7fe2127 elementor-section-boxed elementor-section-height-default elementor-section-height-default\" data-id=\"7fe2127\" data-element_type=\"section\">\n\t\t\t\t\t\t<div class=\"elementor-container elementor-column-gap-default\">\n\t\t\t\t\t<div class=\"elementor-column elementor-col-50 elementor-inner-column elementor-element elementor-element-2a14b4b\" data-id=\"2a14b4b\" data-element_type=\"column\">\n\t\t\t<div class=\"elementor-widget-wrap elementor-element-populated\">\n\t\t\t\t\t\t<div class=\"elementor-element elementor-element-3449b33 elementor-widget elementor-widget-image\" data-id=\"3449b33\" data-element_type=\"widget\" data-widget_type=\"image.default\">\n\t\t\t\t<div class=\"elementor-widget-container\">\n\t\t\t\t\t\t\t\t\t\t\t\t\t\t\t<img fetchpriority=\"high\" decoding=\"async\" width=\"800\" height=\"800\" src=\"https:\/\/warqhelmets.com\/wp-content\/uploads\/2023\/03\/WARQ-Helmet-Blk-Angle-1024x1024.jpg\" class=\"attachment-large size-large wp-image-224\" alt=\"\" srcset=\"https:\/\/warqhelmets.com\/wp-content\/uploads\/2023\/03\/WARQ-Helmet-Blk-Angle-1024x1024.jpg 1024w, https:\/\/warqhelmets.com\/wp-content\/uploads\/2023\/03\/WARQ-Helmet-Blk-Angle-300x300.jpg 300w, https:\/\/warqhelmets.com\/wp-content\/uploads\/2023\/03\/WARQ-Helmet-Blk-Angle-150x150.jpg 150w, https:\/\/warqhelmets.com\/wp-content\/uploads\/2023\/03\/WARQ-Helmet-Blk-Angle-768x768.jpg 768w, https:\/\/warqhelmets.com\/wp-content\/uploads\/2023\/03\/WARQ-Helmet-Blk-Angle-1536x1536.jpg 1536w, https:\/\/warqhelmets.com\/wp-content\/uploads\/2023\/03\/WARQ-Helmet-Blk-Angle-600x600.jpg 600w, https:\/\/warqhelmets.com\/wp-content\/uploads\/2023\/03\/WARQ-Helmet-Blk-Angle.jpg 2000w\" sizes=\"(max-width: 800px) 100vw, 800px\" \/>\t\t\t\t\t\t\t\t\t\t\t\t\t\t\t<\/div>\n\t\t\t\t<\/div>\n\t\t\t\t\t<\/div>\n\t\t<\/div>\n\t\t\t\t<div class=\"elementor-column elementor-col-50 elementor-inner-column elementor-element elementor-element-f67385f\" data-id=\"f67385f\" data-element_type=\"column\">\n\t\t\t<div class=\"elementor-widget-wrap elementor-element-populated\">\n\t\t\t\t\t\t<div class=\"elementor-element elementor-element-7cb30e0 elementor-widget elementor-widget-text-editor\" data-id=\"7cb30e0\" data-element_type=\"widget\" data-widget_type=\"text-editor.default\">\n\t\t\t\t<div class=\"elementor-widget-container\">\n\t\t\t\t\t\t\t\t\t<p>El casco WARQ Pro fue dise\u00f1ado con caracter\u00edsticas creadas espec\u00edficamente para escenarios de entrenamiento policial para mantener al usuario protegido y mantener el entrenamiento lo m\u00e1s realista posible.<\/p>\t\t\t\t\t\t\t\t<\/div>\n\t\t\t\t<\/div>\n\t\t\t\t<div class=\"elementor-element elementor-element-0a03f08 elementor-icon-list--layout-traditional elementor-list-item-link-full_width elementor-widget elementor-widget-icon-list\" data-id=\"0a03f08\" data-element_type=\"widget\" data-widget_type=\"icon-list.default\">\n\t\t\t\t<div class=\"elementor-widget-container\">\n\t\t\t\t\t\t\t<ul class=\"elementor-icon-list-items\">\n\t\t\t\t\t\t\t<li class=\"elementor-icon-list-item\">\n\t\t\t\t\t\t\t\t\t\t\t<span class=\"elementor-icon-list-icon\">\n\t\t\t\t\t\t\t<i aria-hidden=\"true\" class=\"fas fa-chevron-right\"><\/i>\t\t\t\t\t\t<\/span>\n\t\t\t\t\t\t\t\t\t\t<span class=\"elementor-icon-list-text\"><strong>Protege contra: <\/strong>UTM Rounds\u00ae, Simunition\u00ae, Force-on-Force\u00ae y Arex\u00ae<\/span>\n\t\t\t\t\t\t\t\t\t<\/li>\n\t\t\t\t\t\t\t\t<li class=\"elementor-icon-list-item\">\n\t\t\t\t\t\t\t\t\t\t\t<span class=\"elementor-icon-list-icon\">\n\t\t\t\t\t\t\t<i aria-hidden=\"true\" class=\"fas fa-chevron-right\"><\/i>\t\t\t\t\t\t<\/span>\n\t\t\t\t\t\t\t\t\t\t<span class=\"elementor-icon-list-text\">El mejor casco con capacidades antivaho del mercado<\/span>\n\t\t\t\t\t\t\t\t\t<\/li>\n\t\t\t\t\t\t\t\t<li class=\"elementor-icon-list-item\">\n\t\t\t\t\t\t\t\t\t\t\t<span class=\"elementor-icon-list-icon\">\n\t\t\t\t\t\t\t<i aria-hidden=\"true\" class=\"fas fa-chevron-right\"><\/i>\t\t\t\t\t\t<\/span>\n\t\t\t\t\t\t\t\t\t\t<span class=\"elementor-icon-list-text\">Campo de visi\u00f3n extra amplio (210 grados)<\/span>\n\t\t\t\t\t\t\t\t\t<\/li>\n\t\t\t\t\t\t\t\t<li class=\"elementor-icon-list-item\">\n\t\t\t\t\t\t\t\t\t\t\t<span class=\"elementor-icon-list-icon\">\n\t\t\t\t\t\t\t<i aria-hidden=\"true\" class=\"fas fa-chevron-right\"><\/i>\t\t\t\t\t\t<\/span>\n\t\t\t\t\t\t\t\t\t\t<span class=\"elementor-icon-list-text\">Talla \u00fanica para todos<\/span>\n\t\t\t\t\t\t\t\t\t<\/li>\n\t\t\t\t\t\t\t\t<li class=\"elementor-icon-list-item\">\n\t\t\t\t\t\t\t\t\t\t\t<span class=\"elementor-icon-list-icon\">\n\t\t\t\t\t\t\t<i aria-hidden=\"true\" class=\"fas fa-chevron-right\"><\/i>\t\t\t\t\t\t<\/span>\n\t\t\t\t\t\t\t\t\t\t<span class=\"elementor-icon-list-text\">Miembro de NTOA probado y recomendado<\/span>\n\t\t\t\t\t\t\t\t\t<\/li>\n\t\t\t\t\t\t<\/ul>\n\t\t\t\t\t\t<\/div>\n\t\t\t\t<\/div>\n\t\t\t\t<div class=\"elementor-element elementor-element-49e33c2 elementor-widget elementor-widget-button\" data-id=\"49e33c2\" data-element_type=\"widget\" data-widget_type=\"button.default\">\n\t\t\t\t<div class=\"elementor-widget-container\">\n\t\t\t\t\t\t\t\t\t<div class=\"elementor-button-wrapper\">\n\t\t\t\t\t<a class=\"elementor-button elementor-button-link elementor-size-sm\" href=\"https:\/\/warqhelmets.com\/es\/warq-pro\/\">\n\t\t\t\t\t\t<span class=\"elementor-button-content-wrapper\">\n\t\t\t\t\t\t\t\t\t<span class=\"elementor-button-text\">APRENDE M\u00c1S<\/span>\n\t\t\t\t\t<\/span>\n\t\t\t\t\t<\/a>\n\t\t\t\t<\/div>\n\t\t\t\t\t\t\t\t<\/div>\n\t\t\t\t<\/div>\n\t\t\t\t\t<\/div>\n\t\t<\/div>\n\t\t\t\t\t<\/div>\n\t\t<\/section>\n\t\t\t\t\t<\/div>\n\t\t<\/div>\n\t\t\t\t\t<\/div>\n\t\t<\/section>\n\t\t\t\t<\/div>","protected":false},"excerpt":{"rendered":"<p>NO SUCH THING AS A ROUTINE CALL: SCENARIO BASED TRAINING FOR LAW ENFORCEMENT One of the primary goals for any modern police force is to provide realistic, effective training that prepares officers for real-world situations. This is critically important not only for officer safety, but also for maintaining public trust. There are a number of [&hellip;]<\/p>","protected":false},"author":4,"featured_media":0,"parent":0,"menu_order":0,"comment_status":"closed","ping_status":"closed","template":"elementor_header_footer","meta":{"footnotes":""},"class_list":["post-197","page","type-page","status-publish","hentry"],"yoast_head":"<!-- This site is optimized with the Yoast SEO Premium plugin v20.3 (Yoast SEO v20.3) - https:\/\/yoast.com\/wordpress\/plugins\/seo\/ -->\n<title>ARTICLE: Scenario Based Training in Law Enforcement - WARQ | Force-On-Force Equipment<\/title>\n<meta name=\"description\" content=\"WARQ - One of the primary goals for any modern police force is to provide realistic, effective training that prepares officers for real-world situations. Force-on-Force, scenario based training is a perfect way to accomplish this.\" \/>\n<meta name=\"robots\" content=\"index, follow, max-snippet:-1, max-image-preview:large, max-video-preview:-1\" \/>\n<link rel=\"canonical\" href=\"https:\/\/warqhelmets.com\/es\/articulo-escenario-basado-entrenamiento-en-la-aplicacion-de-la-ley\/\" \/>\n<meta property=\"og:locale\" content=\"es_ES\" \/>\n<meta property=\"og:type\" content=\"article\" \/>\n<meta property=\"og:title\" content=\"ARTICLE: Scenario Based Training in Law Enforcement\" \/>\n<meta property=\"og:description\" content=\"WARQ - One of the primary goals for any modern police force is to provide realistic, effective training that prepares officers for real-world situations. Force-on-Force, scenario based training is a perfect way to accomplish this.\" \/>\n<meta property=\"og:url\" content=\"https:\/\/warqhelmets.com\/es\/articulo-escenario-basado-entrenamiento-en-la-aplicacion-de-la-ley\/\" \/>\n<meta property=\"og:site_name\" content=\"WARQ | Force-On-Force Equipment\" \/>\n<meta property=\"article:publisher\" content=\"https:\/\/www.facebook.com\/warqhelmet\/\" \/>\n<meta property=\"article:modified_time\" content=\"2024-11-19T16:38:32+00:00\" \/>\n<meta property=\"og:image\" content=\"https:\/\/warqhelmets.com\/wp-content\/uploads\/2023\/03\/WARQ-Helmet-Blk-Angle-1024x1024.jpg\" \/>\n<meta name=\"twitter:card\" content=\"summary_large_image\" \/>\n<meta name=\"twitter:label1\" content=\"Tiempo de lectura\" \/>\n\t<meta name=\"twitter:data1\" content=\"3 minutos\" \/>\n<script type=\"application\/ld+json\" class=\"yoast-schema-graph\">{\"@context\":\"https:\/\/schema.org\",\"@graph\":[{\"@type\":\"WebPage\",\"@id\":\"https:\/\/warqhelmets.com\/article-scenario-based-training-in-law-enforcement\/\",\"url\":\"https:\/\/warqhelmets.com\/article-scenario-based-training-in-law-enforcement\/\",\"name\":\"ARTICLE: Scenario Based Training in Law Enforcement - WARQ | Force-On-Force Equipment\",\"isPartOf\":{\"@id\":\"https:\/\/warqhelmets.com\/#website\"},\"datePublished\":\"2023-03-17T15:58:31+00:00\",\"dateModified\":\"2024-11-19T16:38:32+00:00\",\"description\":\"WARQ - One of the primary goals for any modern police force is to provide realistic, effective training that prepares officers for real-world situations. Force-on-Force, scenario based training is a perfect way to accomplish this.\",\"breadcrumb\":{\"@id\":\"https:\/\/warqhelmets.com\/article-scenario-based-training-in-law-enforcement\/#breadcrumb\"},\"inLanguage\":\"es\",\"potentialAction\":[{\"@type\":\"ReadAction\",\"target\":[\"https:\/\/warqhelmets.com\/article-scenario-based-training-in-law-enforcement\/\"]}]},{\"@type\":\"BreadcrumbList\",\"@id\":\"https:\/\/warqhelmets.com\/article-scenario-based-training-in-law-enforcement\/#breadcrumb\",\"itemListElement\":[{\"@type\":\"ListItem\",\"position\":1,\"name\":\"Home\",\"item\":\"https:\/\/warqhelmets.com\/\"},{\"@type\":\"ListItem\",\"position\":2,\"name\":\"ARTICLE: Scenario Based Training in Law Enforcement\"}]},{\"@type\":\"WebSite\",\"@id\":\"https:\/\/warqhelmets.com\/#website\",\"url\":\"https:\/\/warqhelmets.com\/\",\"name\":\"WARQ Pro Helmets - Zero Fog Helmets for Training Ammunition\",\"description\":\"The WARQ PRO helmet has been designed specifically for use in training with marking rounds\/Simunition\/FOF ammunition.\",\"publisher\":{\"@id\":\"https:\/\/warqhelmets.com\/#organization\"},\"potentialAction\":[{\"@type\":\"SearchAction\",\"target\":{\"@type\":\"EntryPoint\",\"urlTemplate\":\"https:\/\/warqhelmets.com\/?s={search_term_string}\"},\"query-input\":\"required name=search_term_string\"}],\"inLanguage\":\"es\"},{\"@type\":\"Organization\",\"@id\":\"https:\/\/warqhelmets.com\/#organization\",\"name\":\"WARQ\",\"url\":\"https:\/\/warqhelmets.com\/\",\"logo\":{\"@type\":\"ImageObject\",\"inLanguage\":\"es\",\"@id\":\"https:\/\/warqhelmets.com\/#\/schema\/logo\/image\/\",\"url\":\"https:\/\/warqhelmets.com\/wp-content\/uploads\/2023\/01\/WARQ-Logo-BLK.png\",\"contentUrl\":\"https:\/\/warqhelmets.com\/wp-content\/uploads\/2023\/01\/WARQ-Logo-BLK.png\",\"width\":1000,\"height\":452,\"caption\":\"WARQ\"},\"image\":{\"@id\":\"https:\/\/warqhelmets.com\/#\/schema\/logo\/image\/\"},\"sameAs\":[\"https:\/\/www.facebook.com\/warqhelmet\/\",\"https:\/\/www.instagram.com\/warqhelmet\/\"]}]}<\/script>\n<!-- \/ Yoast SEO Premium plugin. -->","yoast_head_json":{"title":"ARTICLE: Scenario Based Training in Law Enforcement - WARQ | Force-On-Force Equipment","description":"WARQ - One of the primary goals for any modern police force is to provide realistic, effective training that prepares officers for real-world situations. Force-on-Force, scenario based training is a perfect way to accomplish this.","robots":{"index":"index","follow":"follow","max-snippet":"max-snippet:-1","max-image-preview":"max-image-preview:large","max-video-preview":"max-video-preview:-1"},"canonical":"https:\/\/warqhelmets.com\/es\/articulo-escenario-basado-entrenamiento-en-la-aplicacion-de-la-ley\/","og_locale":"es_ES","og_type":"article","og_title":"ARTICLE: Scenario Based Training in Law Enforcement","og_description":"WARQ - One of the primary goals for any modern police force is to provide realistic, effective training that prepares officers for real-world situations. Force-on-Force, scenario based training is a perfect way to accomplish this.","og_url":"https:\/\/warqhelmets.com\/es\/articulo-escenario-basado-entrenamiento-en-la-aplicacion-de-la-ley\/","og_site_name":"WARQ | Force-On-Force Equipment","article_publisher":"https:\/\/www.facebook.com\/warqhelmet\/","article_modified_time":"2024-11-19T16:38:32+00:00","og_image":[{"url":"https:\/\/warqhelmets.com\/wp-content\/uploads\/2023\/03\/WARQ-Helmet-Blk-Angle-1024x1024.jpg"}],"twitter_card":"summary_large_image","twitter_misc":{"Tiempo de lectura":"3 minutos"},"schema":{"@context":"https:\/\/schema.org","@graph":[{"@type":"WebPage","@id":"https:\/\/warqhelmets.com\/article-scenario-based-training-in-law-enforcement\/","url":"https:\/\/warqhelmets.com\/article-scenario-based-training-in-law-enforcement\/","name":"ARTICLE: Scenario Based Training in Law Enforcement - WARQ | Force-On-Force Equipment","isPartOf":{"@id":"https:\/\/warqhelmets.com\/#website"},"datePublished":"2023-03-17T15:58:31+00:00","dateModified":"2024-11-19T16:38:32+00:00","description":"WARQ - One of the primary goals for any modern police force is to provide realistic, effective training that prepares officers for real-world situations. Force-on-Force, scenario based training is a perfect way to accomplish this.","breadcrumb":{"@id":"https:\/\/warqhelmets.com\/article-scenario-based-training-in-law-enforcement\/#breadcrumb"},"inLanguage":"es","potentialAction":[{"@type":"ReadAction","target":["https:\/\/warqhelmets.com\/article-scenario-based-training-in-law-enforcement\/"]}]},{"@type":"BreadcrumbList","@id":"https:\/\/warqhelmets.com\/article-scenario-based-training-in-law-enforcement\/#breadcrumb","itemListElement":[{"@type":"ListItem","position":1,"name":"Home","item":"https:\/\/warqhelmets.com\/"},{"@type":"ListItem","position":2,"name":"ARTICLE: Scenario Based Training in Law Enforcement"}]},{"@type":"WebSite","@id":"https:\/\/warqhelmets.com\/#website","url":"https:\/\/warqhelmets.com\/","name":"WARQ Pro Helmets - Zero Fog Helmets for Training Ammunition","description":"The WARQ PRO helmet has been designed specifically for use in training with marking rounds\/Simunition\/FOF ammunition.","publisher":{"@id":"https:\/\/warqhelmets.com\/#organization"},"potentialAction":[{"@type":"SearchAction","target":{"@type":"EntryPoint","urlTemplate":"https:\/\/warqhelmets.com\/?s={search_term_string}"},"query-input":"required name=search_term_string"}],"inLanguage":"es"},{"@type":"Organization","@id":"https:\/\/warqhelmets.com\/#organization","name":"WARQ","url":"https:\/\/warqhelmets.com\/","logo":{"@type":"ImageObject","inLanguage":"es","@id":"https:\/\/warqhelmets.com\/#\/schema\/logo\/image\/","url":"https:\/\/warqhelmets.com\/wp-content\/uploads\/2023\/01\/WARQ-Logo-BLK.png","contentUrl":"https:\/\/warqhelmets.com\/wp-content\/uploads\/2023\/01\/WARQ-Logo-BLK.png","width":1000,"height":452,"caption":"WARQ"},"image":{"@id":"https:\/\/warqhelmets.com\/#\/schema\/logo\/image\/"},"sameAs":["https:\/\/www.facebook.com\/warqhelmet\/","https:\/\/www.instagram.com\/warqhelmet\/"]}]}},"featured_image_src":null,"featured_image_src_square":null,"_links":{"self":[{"href":"https:\/\/warqhelmets.com\/es\/wp-json\/wp\/v2\/pages\/197","targetHints":{"allow":["GET"]}}],"collection":[{"href":"https:\/\/warqhelmets.com\/es\/wp-json\/wp\/v2\/pages"}],"about":[{"href":"https:\/\/warqhelmets.com\/es\/wp-json\/wp\/v2\/types\/page"}],"author":[{"embeddable":true,"href":"https:\/\/warqhelmets.com\/es\/wp-json\/wp\/v2\/users\/4"}],"replies":[{"embeddable":true,"href":"https:\/\/warqhelmets.com\/es\/wp-json\/wp\/v2\/comments?post=197"}],"version-history":[{"count":0,"href":"https:\/\/warqhelmets.com\/es\/wp-json\/wp\/v2\/pages\/197\/revisions"}],"wp:attachment":[{"href":"https:\/\/warqhelmets.com\/es\/wp-json\/wp\/v2\/media?parent=197"}],"curies":[{"name":"wp","href":"https:\/\/api.w.org\/{rel}","templated":true}]}}