{"id":176,"date":"2023-03-16T15:53:47","date_gmt":"2023-03-16T15:53:47","guid":{"rendered":"https:\/\/warqhelmets.com\/?page_id=176"},"modified":"2025-02-10T16:59:53","modified_gmt":"2025-02-10T16:59:53","slug":"dealer","status":"publish","type":"page","link":"https:\/\/warqhelmets.com\/fr\/marchand\/","title":{"rendered":"Inscription du concessionnaire"},"content":{"rendered":"<div data-elementor-type=\"wp-page\" data-elementor-id=\"176\" class=\"elementor elementor-176\">\n\t\t\t\t\t\t<section class=\"elementor-section elementor-top-section elementor-element elementor-element-946d27d elementor-section-boxed elementor-section-height-default elementor-section-height-default\" data-id=\"946d27d\" data-element_type=\"section\" data-settings=\"{&quot;background_background&quot;:&quot;classic&quot;}\">\n\t\t\t\t\t\t\t<div class=\"elementor-background-overlay\"><\/div>\n\t\t\t\t\t\t\t<div class=\"elementor-container elementor-column-gap-default\">\n\t\t\t\t\t<div class=\"elementor-column elementor-col-100 elementor-top-column elementor-element elementor-element-f4c152e\" data-id=\"f4c152e\" data-element_type=\"column\">\n\t\t\t<div class=\"elementor-widget-wrap elementor-element-populated\">\n\t\t\t\t\t\t<div class=\"elementor-element elementor-element-764b965 elementor-widget elementor-widget-spacer\" data-id=\"764b965\" data-element_type=\"widget\" data-widget_type=\"spacer.default\">\n\t\t\t\t<div class=\"elementor-widget-container\">\n\t\t\t\t\t\t\t<div class=\"elementor-spacer\">\n\t\t\t<div class=\"elementor-spacer-inner\"><\/div>\n\t\t<\/div>\n\t\t\t\t\t\t<\/div>\n\t\t\t\t<\/div>\n\t\t\t\t<section class=\"elementor-section elementor-inner-section elementor-element elementor-element-64abef9 elementor-section-boxed elementor-section-height-default elementor-section-height-default\" data-id=\"64abef9\" data-element_type=\"section\" data-settings=\"{&quot;background_background&quot;:&quot;classic&quot;}\">\n\t\t\t\t\t\t<div class=\"elementor-container elementor-column-gap-default\">\n\t\t\t\t\t<div class=\"elementor-column elementor-col-100 elementor-inner-column elementor-element elementor-element-d5ff46f\" data-id=\"d5ff46f\" data-element_type=\"column\">\n\t\t\t<div class=\"elementor-widget-wrap elementor-element-populated\">\n\t\t\t\t\t\t<div class=\"elementor-element elementor-element-0b8dc52 elementor-widget elementor-widget-image\" data-id=\"0b8dc52\" data-element_type=\"widget\" data-widget_type=\"image.default\">\n\t\t\t\t<div class=\"elementor-widget-container\">\n\t\t\t\t\t\t\t\t\t\t\t\t\t\t\t<img decoding=\"async\" src=\"https:\/\/warqhelmets.com\/wp-content\/uploads\/elementor\/thumbs\/Warq-skull-q0iiv5uh6lq29ua3axbbth46sx6hdobro1lv2njrb4.png\" title=\"Warq-skull\" alt=\"Warq-skull\" loading=\"lazy\" \/>\t\t\t\t\t\t\t\t\t\t\t\t\t\t\t<\/div>\n\t\t\t\t<\/div>\n\t\t\t\t<div class=\"elementor-element elementor-element-0de4be2 elementor-widget elementor-widget-heading\" data-id=\"0de4be2\" data-element_type=\"widget\" data-widget_type=\"heading.default\">\n\t\t\t\t<div class=\"elementor-widget-container\">\n\t\t\t\t\t<h2 class=\"elementor-heading-title elementor-size-default\">DEVENEZ REVENDEUR<\/h2>\t\t\t\t<\/div>\n\t\t\t\t<\/div>\n\t\t\t\t<div class=\"elementor-element elementor-element-2371c44 elementor-widget elementor-widget-text-editor\" data-id=\"2371c44\" data-element_type=\"widget\" data-widget_type=\"text-editor.default\">\n\t\t\t\t<div class=\"elementor-widget-container\">\n\t\t\t\t\t\t\t\t\t<p>Vous souhaitez devenir revendeur du casque d&#039;entra\u00eenement WARQ Pro ? Nous sommes toujours \u00e0 la recherche de nouveaux partenaires pour rejoindre notre r\u00e9seau grandissant de revendeurs agr\u00e9\u00e9s. Veuillez remplir le formulaire ci-dessous pour commencer le processus de candidature.<\/p>\t\t\t\t\t\t\t\t<\/div>\n\t\t\t\t<\/div>\n\t\t\t\t<div class=\"elementor-element elementor-element-b99c713 elementor-widget-divider--view-line elementor-widget elementor-widget-divider\" data-id=\"b99c713\" data-element_type=\"widget\" data-widget_type=\"divider.default\">\n\t\t\t\t<div class=\"elementor-widget-container\">\n\t\t\t\t\t\t\t<div class=\"elementor-divider\">\n\t\t\t<span class=\"elementor-divider-separator\">\n\t\t\t\t\t\t<\/span>\n\t\t<\/div>\n\t\t\t\t\t\t<\/div>\n\t\t\t\t<\/div>\n\t\t\t\t<div class=\"elementor-element elementor-element-0bd2c65 elementor-widget elementor-widget-heading\" data-id=\"0bd2c65\" data-element_type=\"widget\" data-widget_type=\"heading.default\">\n\t\t\t\t<div class=\"elementor-widget-container\">\n\t\t\t\t\t<h2 class=\"elementor-heading-title elementor-size-default\">POSTULEZ MAINTENANT<\/h2>\t\t\t\t<\/div>\n\t\t\t\t<\/div>\n\t\t\t\t<div class=\"elementor-element elementor-element-94c2b7c elementor-widget elementor-widget-html\" data-id=\"94c2b7c\" data-element_type=\"widget\" data-widget_type=\"html.default\">\n\t\t\t\t<div class=\"elementor-widget-container\">\n\t\t\t\t\t<script type=\"text\/javascript\" src=\"https:\/\/form.jotform.com\/jsform\/230745688067265\"><\/script>\t\t\t\t<\/div>\n\t\t\t\t<\/div>\n\t\t\t\t<div class=\"elementor-element elementor-element-ce2a26d elementor-widget elementor-widget-text-editor\" data-id=\"ce2a26d\" data-element_type=\"widget\" data-widget_type=\"text-editor.default\">\n\t\t\t\t<div class=\"elementor-widget-container\">\n\t\t\t\t\t\t\t\t\t<p>Veuillez noter que la soumission d&#039;une demande ne garantit pas l&#039;approbation en tant que revendeur WARQ. Nous nous r\u00e9servons le droit d&#039;approuver ou de refuser les demandes des concessionnaires \u00e0 notre discr\u00e9tion.<\/p>\t\t\t\t\t\t\t\t<\/div>\n\t\t\t\t<\/div>\n\t\t\t\t\t<\/div>\n\t\t<\/div>\n\t\t\t\t\t<\/div>\n\t\t<\/section>\n\t\t\t\t<section class=\"elementor-section elementor-inner-section elementor-element elementor-element-ddb2459 elementor-section-boxed elementor-section-height-default elementor-section-height-default\" data-id=\"ddb2459\" data-element_type=\"section\">\n\t\t\t\t\t\t<div class=\"elementor-container elementor-column-gap-default\">\n\t\t\t\t\t<div class=\"elementor-column elementor-col-100 elementor-inner-column elementor-element elementor-element-70d083d\" data-id=\"70d083d\" data-element_type=\"column\">\n\t\t\t<div class=\"elementor-widget-wrap elementor-element-populated\">\n\t\t\t\t\t\t<div class=\"elementor-element elementor-element-9d9801d elementor-widget elementor-widget-spacer\" data-id=\"9d9801d\" data-element_type=\"widget\" data-widget_type=\"spacer.default\">\n\t\t\t\t<div class=\"elementor-widget-container\">\n\t\t\t\t\t\t\t<div class=\"elementor-spacer\">\n\t\t\t<div class=\"elementor-spacer-inner\"><\/div>\n\t\t<\/div>\n\t\t\t\t\t\t<\/div>\n\t\t\t\t<\/div>\n\t\t\t\t\t<\/div>\n\t\t<\/div>\n\t\t\t\t\t<\/div>\n\t\t<\/section>\n\t\t\t\t\t<\/div>\n\t\t<\/div>\n\t\t\t\t\t<\/div>\n\t\t<\/section>\n\t\t\t\t<\/div>","protected":false},"excerpt":{"rendered":"<p>BECOME A DEALER Interested in becoming a dealer of the WARQ Pro Training Helmet? We are always looking for new partners to join our growing network of authorized dealers. Please fill out the form below to begin the application process. APPLY NOW Please note that the submission of an application does not guarantee approval as [&hellip;]<\/p>","protected":false},"author":4,"featured_media":0,"parent":0,"menu_order":0,"comment_status":"closed","ping_status":"closed","template":"elementor_header_footer","meta":{"footnotes":""},"class_list":["post-176","page","type-page","status-publish","hentry"],"yoast_head":"<!-- This site is optimized with the Yoast SEO Premium plugin v20.3 (Yoast SEO v20.3) - https:\/\/yoast.com\/wordpress\/plugins\/seo\/ -->\n<title>Dealer Registration - WARQ | Force-On-Force Equipment<\/title>\n<meta name=\"robots\" content=\"index, follow, max-snippet:-1, max-image-preview:large, max-video-preview:-1\" \/>\n<link rel=\"canonical\" href=\"https:\/\/warqhelmets.com\/fr\/marchand\/\" \/>\n<meta property=\"og:locale\" content=\"fr_FR\" \/>\n<meta property=\"og:type\" content=\"article\" \/>\n<meta property=\"og:title\" content=\"Dealer Registration\" \/>\n<meta property=\"og:description\" content=\"BECOME A DEALER Interested in becoming a dealer of the WARQ Pro Training Helmet? We are always looking for new partners to join our growing network of authorized dealers. Please fill out the form below to begin the application process. APPLY NOW Please note that the submission of an application does not guarantee approval as [&hellip;]\" \/>\n<meta property=\"og:url\" content=\"https:\/\/warqhelmets.com\/fr\/marchand\/\" \/>\n<meta property=\"og:site_name\" content=\"WARQ | Force-On-Force Equipment\" \/>\n<meta property=\"article:publisher\" content=\"https:\/\/www.facebook.com\/warqhelmet\/\" \/>\n<meta property=\"article:modified_time\" content=\"2025-02-10T16:59:53+00:00\" \/>\n<meta property=\"og:image\" content=\"https:\/\/warqhelmets.com\/wp-content\/uploads\/elementor\/thumbs\/Warq-skull-q0iiv5uh6lq29ua3axbbth46sx6hdobro1lv2njrb4.png\" \/>\n<meta name=\"twitter:card\" content=\"summary_large_image\" \/>\n<meta name=\"twitter:label1\" content=\"Dur\u00e9e de lecture estim\u00e9e\" \/>\n\t<meta name=\"twitter:data1\" content=\"1 minute\" \/>\n<script type=\"application\/ld+json\" class=\"yoast-schema-graph\">{\"@context\":\"https:\/\/schema.org\",\"@graph\":[{\"@type\":\"WebPage\",\"@id\":\"https:\/\/warqhelmets.com\/dealer\/\",\"url\":\"https:\/\/warqhelmets.com\/dealer\/\",\"name\":\"Dealer Registration - WARQ | Force-On-Force Equipment\",\"isPartOf\":{\"@id\":\"https:\/\/warqhelmets.com\/#website\"},\"datePublished\":\"2023-03-16T15:53:47+00:00\",\"dateModified\":\"2025-02-10T16:59:53+00:00\",\"breadcrumb\":{\"@id\":\"https:\/\/warqhelmets.com\/dealer\/#breadcrumb\"},\"inLanguage\":\"fr-FR\",\"potentialAction\":[{\"@type\":\"ReadAction\",\"target\":[\"https:\/\/warqhelmets.com\/dealer\/\"]}]},{\"@type\":\"BreadcrumbList\",\"@id\":\"https:\/\/warqhelmets.com\/dealer\/#breadcrumb\",\"itemListElement\":[{\"@type\":\"ListItem\",\"position\":1,\"name\":\"Home\",\"item\":\"https:\/\/warqhelmets.com\/\"},{\"@type\":\"ListItem\",\"position\":2,\"name\":\"Dealer Registration\"}]},{\"@type\":\"WebSite\",\"@id\":\"https:\/\/warqhelmets.com\/#website\",\"url\":\"https:\/\/warqhelmets.com\/\",\"name\":\"WARQ Pro Helmets - Zero Fog Helmets for Training Ammunition\",\"description\":\"The WARQ PRO helmet has been designed specifically for use in training with marking rounds\/Simunition\/FOF ammunition.\",\"publisher\":{\"@id\":\"https:\/\/warqhelmets.com\/#organization\"},\"potentialAction\":[{\"@type\":\"SearchAction\",\"target\":{\"@type\":\"EntryPoint\",\"urlTemplate\":\"https:\/\/warqhelmets.com\/?s={search_term_string}\"},\"query-input\":\"required name=search_term_string\"}],\"inLanguage\":\"fr-FR\"},{\"@type\":\"Organization\",\"@id\":\"https:\/\/warqhelmets.com\/#organization\",\"name\":\"WARQ\",\"url\":\"https:\/\/warqhelmets.com\/\",\"logo\":{\"@type\":\"ImageObject\",\"inLanguage\":\"fr-FR\",\"@id\":\"https:\/\/warqhelmets.com\/#\/schema\/logo\/image\/\",\"url\":\"https:\/\/warqhelmets.com\/wp-content\/uploads\/2023\/01\/WARQ-Logo-BLK.png\",\"contentUrl\":\"https:\/\/warqhelmets.com\/wp-content\/uploads\/2023\/01\/WARQ-Logo-BLK.png\",\"width\":1000,\"height\":452,\"caption\":\"WARQ\"},\"image\":{\"@id\":\"https:\/\/warqhelmets.com\/#\/schema\/logo\/image\/\"},\"sameAs\":[\"https:\/\/www.facebook.com\/warqhelmet\/\",\"https:\/\/www.instagram.com\/warqhelmet\/\"]}]}<\/script>\n<!-- \/ Yoast SEO Premium plugin. -->","yoast_head_json":{"title":"Dealer Registration - WARQ | Force-On-Force Equipment","robots":{"index":"index","follow":"follow","max-snippet":"max-snippet:-1","max-image-preview":"max-image-preview:large","max-video-preview":"max-video-preview:-1"},"canonical":"https:\/\/warqhelmets.com\/fr\/marchand\/","og_locale":"fr_FR","og_type":"article","og_title":"Dealer Registration","og_description":"BECOME A DEALER Interested in becoming a dealer of the WARQ Pro Training Helmet? We are always looking for new partners to join our growing network of authorized dealers. Please fill out the form below to begin the application process. APPLY NOW Please note that the submission of an application does not guarantee approval as [&hellip;]","og_url":"https:\/\/warqhelmets.com\/fr\/marchand\/","og_site_name":"WARQ | Force-On-Force Equipment","article_publisher":"https:\/\/www.facebook.com\/warqhelmet\/","article_modified_time":"2025-02-10T16:59:53+00:00","og_image":[{"url":"https:\/\/warqhelmets.com\/wp-content\/uploads\/elementor\/thumbs\/Warq-skull-q0iiv5uh6lq29ua3axbbth46sx6hdobro1lv2njrb4.png"}],"twitter_card":"summary_large_image","twitter_misc":{"Dur\u00e9e de lecture estim\u00e9e":"1 minute"},"schema":{"@context":"https:\/\/schema.org","@graph":[{"@type":"WebPage","@id":"https:\/\/warqhelmets.com\/dealer\/","url":"https:\/\/warqhelmets.com\/dealer\/","name":"Dealer Registration - WARQ | Force-On-Force Equipment","isPartOf":{"@id":"https:\/\/warqhelmets.com\/#website"},"datePublished":"2023-03-16T15:53:47+00:00","dateModified":"2025-02-10T16:59:53+00:00","breadcrumb":{"@id":"https:\/\/warqhelmets.com\/dealer\/#breadcrumb"},"inLanguage":"fr-FR","potentialAction":[{"@type":"ReadAction","target":["https:\/\/warqhelmets.com\/dealer\/"]}]},{"@type":"BreadcrumbList","@id":"https:\/\/warqhelmets.com\/dealer\/#breadcrumb","itemListElement":[{"@type":"ListItem","position":1,"name":"Home","item":"https:\/\/warqhelmets.com\/"},{"@type":"ListItem","position":2,"name":"Dealer Registration"}]},{"@type":"WebSite","@id":"https:\/\/warqhelmets.com\/#website","url":"https:\/\/warqhelmets.com\/","name":"WARQ Pro Helmets - Zero Fog Helmets for Training Ammunition","description":"The WARQ PRO helmet has been designed specifically for use in training with marking rounds\/Simunition\/FOF ammunition.","publisher":{"@id":"https:\/\/warqhelmets.com\/#organization"},"potentialAction":[{"@type":"SearchAction","target":{"@type":"EntryPoint","urlTemplate":"https:\/\/warqhelmets.com\/?s={search_term_string}"},"query-input":"required name=search_term_string"}],"inLanguage":"fr-FR"},{"@type":"Organization","@id":"https:\/\/warqhelmets.com\/#organization","name":"WARQ","url":"https:\/\/warqhelmets.com\/","logo":{"@type":"ImageObject","inLanguage":"fr-FR","@id":"https:\/\/warqhelmets.com\/#\/schema\/logo\/image\/","url":"https:\/\/warqhelmets.com\/wp-content\/uploads\/2023\/01\/WARQ-Logo-BLK.png","contentUrl":"https:\/\/warqhelmets.com\/wp-content\/uploads\/2023\/01\/WARQ-Logo-BLK.png","width":1000,"height":452,"caption":"WARQ"},"image":{"@id":"https:\/\/warqhelmets.com\/#\/schema\/logo\/image\/"},"sameAs":["https:\/\/www.facebook.com\/warqhelmet\/","https:\/\/www.instagram.com\/warqhelmet\/"]}]}},"featured_image_src":null,"featured_image_src_square":null,"_links":{"self":[{"href":"https:\/\/warqhelmets.com\/fr\/wp-json\/wp\/v2\/pages\/176","targetHints":{"allow":["GET"]}}],"collection":[{"href":"https:\/\/warqhelmets.com\/fr\/wp-json\/wp\/v2\/pages"}],"about":[{"href":"https:\/\/warqhelmets.com\/fr\/wp-json\/wp\/v2\/types\/page"}],"author":[{"embeddable":true,"href":"https:\/\/warqhelmets.com\/fr\/wp-json\/wp\/v2\/users\/4"}],"replies":[{"embeddable":true,"href":"https:\/\/warqhelmets.com\/fr\/wp-json\/wp\/v2\/comments?post=176"}],"version-history":[{"count":0,"href":"https:\/\/warqhelmets.com\/fr\/wp-json\/wp\/v2\/pages\/176\/revisions"}],"wp:attachment":[{"href":"https:\/\/warqhelmets.com\/fr\/wp-json\/wp\/v2\/media?parent=176"}],"curies":[{"name":"wp","href":"https:\/\/api.w.org\/{rel}","templated":true}]}}