{"id":197,"date":"2023-03-17T15:58:31","date_gmt":"2023-03-17T15:58:31","guid":{"rendered":"https:\/\/warqhelmets.com\/?page_id=197"},"modified":"2024-11-19T16:38:32","modified_gmt":"2024-11-19T16:38:32","slug":"article-scenario-based-training-in-law-enforcement","status":"publish","type":"page","link":"https:\/\/warqhelmets.com\/fr\/article-formation-basee-sur-des-scenarios-dans-lapplication-de-la-loi\/","title":{"rendered":"ARTICLE\u00a0: Formation bas\u00e9e sur des sc\u00e9narios dans le domaine de l&#039;application de la loi"},"content":{"rendered":"<div data-elementor-type=\"wp-page\" data-elementor-id=\"197\" class=\"elementor elementor-197\">\n\t\t\t\t\t\t<section class=\"elementor-section elementor-top-section elementor-element elementor-element-060e237 elementor-section-boxed elementor-section-height-default elementor-section-height-default\" data-id=\"060e237\" data-element_type=\"section\" data-settings=\"{&quot;background_background&quot;:&quot;classic&quot;}\">\n\t\t\t\t\t\t\t<div class=\"elementor-background-overlay\"><\/div>\n\t\t\t\t\t\t\t<div class=\"elementor-container elementor-column-gap-default\">\n\t\t\t\t\t<div class=\"elementor-column elementor-col-50 elementor-top-column elementor-element elementor-element-efaff5f\" data-id=\"efaff5f\" data-element_type=\"column\">\n\t\t\t<div class=\"elementor-widget-wrap elementor-element-populated\">\n\t\t\t\t\t\t<div class=\"elementor-element elementor-element-62860db elementor-widget elementor-widget-spacer\" data-id=\"62860db\" data-element_type=\"widget\" data-widget_type=\"spacer.default\">\n\t\t\t\t<div class=\"elementor-widget-container\">\n\t\t\t\t\t\t\t<div class=\"elementor-spacer\">\n\t\t\t<div class=\"elementor-spacer-inner\"><\/div>\n\t\t<\/div>\n\t\t\t\t\t\t<\/div>\n\t\t\t\t<\/div>\n\t\t\t\t<div class=\"elementor-element elementor-element-875d5c3 elementor-widget elementor-widget-heading\" data-id=\"875d5c3\" data-element_type=\"widget\" data-widget_type=\"heading.default\">\n\t\t\t\t<div class=\"elementor-widget-container\">\n\t\t\t\t\t<h2 class=\"elementor-heading-title elementor-size-default\">PAS D&#039;APPEL DE ROUTINE\u00a0:<\/h2>\t\t\t\t<\/div>\n\t\t\t\t<\/div>\n\t\t\t\t<div class=\"elementor-element elementor-element-9f6f68f elementor-widget elementor-widget-heading\" data-id=\"9f6f68f\" data-element_type=\"widget\" data-widget_type=\"heading.default\">\n\t\t\t\t<div class=\"elementor-widget-container\">\n\t\t\t\t\t<h2 class=\"elementor-heading-title elementor-size-default\">FORMATION BAS\u00c9E SUR DES SC\u00c9NARIOS POUR LES APPLICATIONS DE LA LOI<\/h2>\t\t\t\t<\/div>\n\t\t\t\t<\/div>\n\t\t\t\t<div class=\"elementor-element elementor-element-ceb59f5 elementor-widget elementor-widget-spacer\" data-id=\"ceb59f5\" data-element_type=\"widget\" data-widget_type=\"spacer.default\">\n\t\t\t\t<div class=\"elementor-widget-container\">\n\t\t\t\t\t\t\t<div class=\"elementor-spacer\">\n\t\t\t<div class=\"elementor-spacer-inner\"><\/div>\n\t\t<\/div>\n\t\t\t\t\t\t<\/div>\n\t\t\t\t<\/div>\n\t\t\t\t\t<\/div>\n\t\t<\/div>\n\t\t\t\t<div class=\"elementor-column elementor-col-50 elementor-top-column elementor-element elementor-element-571d409\" data-id=\"571d409\" data-element_type=\"column\">\n\t\t\t<div class=\"elementor-widget-wrap\">\n\t\t\t\t\t\t\t<\/div>\n\t\t<\/div>\n\t\t\t\t\t<\/div>\n\t\t<\/section>\n\t\t\t\t<section class=\"elementor-section elementor-top-section elementor-element elementor-element-4bdf0df elementor-section-boxed elementor-section-height-default elementor-section-height-default\" data-id=\"4bdf0df\" data-element_type=\"section\">\n\t\t\t\t\t\t<div class=\"elementor-container elementor-column-gap-default\">\n\t\t\t\t\t<div class=\"elementor-column elementor-col-100 elementor-top-column elementor-element elementor-element-d8d2ad6\" data-id=\"d8d2ad6\" data-element_type=\"column\">\n\t\t\t<div class=\"elementor-widget-wrap elementor-element-populated\">\n\t\t\t\t\t\t<div class=\"elementor-element elementor-element-f0d75e3 elementor-widget elementor-widget-spacer\" data-id=\"f0d75e3\" data-element_type=\"widget\" data-widget_type=\"spacer.default\">\n\t\t\t\t<div class=\"elementor-widget-container\">\n\t\t\t\t\t\t\t<div class=\"elementor-spacer\">\n\t\t\t<div class=\"elementor-spacer-inner\"><\/div>\n\t\t<\/div>\n\t\t\t\t\t\t<\/div>\n\t\t\t\t<\/div>\n\t\t\t\t<div class=\"elementor-element elementor-element-9d6223c elementor-widget elementor-widget-text-editor\" data-id=\"9d6223c\" data-element_type=\"widget\" data-widget_type=\"text-editor.default\">\n\t\t\t\t<div class=\"elementor-widget-container\">\n\t\t\t\t\t\t\t\t\t<p>L'un des principaux objectifs de toute force de police moderne est de fournir une formation r\u00e9aliste et efficace qui pr\u00e9pare les op\u00e9rateurs aux situations du monde r\u00e9el. Ceci est d'une importance capitale non seulement pour la s\u00e9curit\u00e9 des agents, mais aussi pour maintenir la confiance du public.<\/p><p>Les forces de police peuvent atteindre cet objectif de diff\u00e9rentes mani\u00e8res. Une approche particuli\u00e8rement efficace est le jeu de r\u00f4le situationnel ; qui est une formation con\u00e7ue pour produire une r\u00e9plique authentique, s\u00fbre et dynamique de l'environnement op\u00e9rationnel. Ce type de formation bas\u00e9e sur la r\u00e9alit\u00e9 de terrain a \u00e9t\u00e9 rapidement adopt\u00e9 par les forces de l'ordre pour aider les agents \u00e0 perfectionner leurs comp\u00e9tences et \u00e0 d\u00e9velopper un meilleur jugement face \u00e0 des situations r\u00e9elles.<\/p>\t\t\t\t\t\t\t\t<\/div>\n\t\t\t\t<\/div>\n\t\t\t\t<div class=\"elementor-element elementor-element-2084070 elementor-widget elementor-widget-spacer\" data-id=\"2084070\" data-element_type=\"widget\" data-widget_type=\"spacer.default\">\n\t\t\t\t<div class=\"elementor-widget-container\">\n\t\t\t\t\t\t\t<div class=\"elementor-spacer\">\n\t\t\t<div class=\"elementor-spacer-inner\"><\/div>\n\t\t<\/div>\n\t\t\t\t\t\t<\/div>\n\t\t\t\t<\/div>\n\t\t\t\t<div class=\"elementor-element elementor-element-92ea985 elementor-widget elementor-widget-text-editor\" data-id=\"92ea985\" data-element_type=\"widget\" data-widget_type=\"text-editor.default\">\n\t\t\t\t<div class=\"elementor-widget-container\">\n\t\t\t\t\t\t\t\t\t<p>&quot;Une formation irr\u00e9aliste conduit \u00e0 des attentes irr\u00e9alistes et les attentes irr\u00e9alistes sont mortelles dans la rue.&quot; \u2013Jeff Chudwin<\/p>\t\t\t\t\t\t\t\t<\/div>\n\t\t\t\t<\/div>\n\t\t\t\t<div class=\"elementor-element elementor-element-9dd05dd elementor-widget elementor-widget-spacer\" data-id=\"9dd05dd\" data-element_type=\"widget\" data-widget_type=\"spacer.default\">\n\t\t\t\t<div class=\"elementor-widget-container\">\n\t\t\t\t\t\t\t<div class=\"elementor-spacer\">\n\t\t\t<div class=\"elementor-spacer-inner\"><\/div>\n\t\t<\/div>\n\t\t\t\t\t\t<\/div>\n\t\t\t\t<\/div>\n\t\t\t\t<div class=\"elementor-element elementor-element-c5aa944 elementor-widget elementor-widget-heading\" data-id=\"c5aa944\" data-element_type=\"widget\" data-widget_type=\"heading.default\">\n\t\t\t\t<div class=\"elementor-widget-container\">\n\t\t\t\t\t<h2 class=\"elementor-heading-title elementor-size-default\">ACTION &amp; DECISION MAKING UNDER STRESS<\/h2>\t\t\t\t<\/div>\n\t\t\t\t<\/div>\n\t\t\t\t<div class=\"elementor-element elementor-element-de71b8d elementor-widget elementor-widget-text-editor\" data-id=\"de71b8d\" data-element_type=\"widget\" data-widget_type=\"text-editor.default\">\n\t\t\t\t<div class=\"elementor-widget-container\">\n\t\t\t\t\t\t\t\t\t<p>Les cycles de formation balistique et la formation bas\u00e9e sur des sc\u00e9narios peuvent tester les l forces de l'ordre dans des situations stressantes et \u00e9voluant rapidement qui peuvent couvrir tout le continuum d'utilisation de la force. Le stress sur la personne en entrainementpeut \u00eatre augment\u00e9 par les actions des intervenant set par le potentiel per\u00e7u de douleur s\u2019il est touch\u00e9 lors de l'entra\u00eenement balistique. Les cartouches d'entra\u00eenement balistique, tout en restant non l\u00e9tales, sont douloureuses r et peuvent laisser des marques ou des l\u00e9sions cutan\u00e9es. Cette douleur renforce encore l'efficacit\u00e9 de la formation, car la peur d'\u00eatre touch\u00e9 par une munition d'entra\u00eenement peut inciter les utilisateurs \u00e0 changer de tactique et \u00e0 adopter des comportements qu'ils ne montreraient peut-\u00eatre pas autrement dans un environnement plus contr\u00f4l\u00e9.<\/p><p>Lorsque l'adr\u00e9naline monte et que les utilisateurs sont amen\u00e9s \u00e0 ces rencontres simul\u00e9es, les faiblesses dans formation sont rapidement mise en lumi\u00e8re. Des comp\u00e9tences qui ne sont pas conditionn\u00e9es au niveau de comp\u00e9tence inconsciente sont r\u00e9v\u00e9l\u00e9es et, en fin de compte, cette pression se traduit par une exp\u00e9rience de formation beaucoup plus efficace et r\u00e9plicable.<\/p>\t\t\t\t\t\t\t\t<\/div>\n\t\t\t\t<\/div>\n\t\t\t\t<div class=\"elementor-element elementor-element-b84c91a elementor-widget elementor-widget-spacer\" data-id=\"b84c91a\" data-element_type=\"widget\" data-widget_type=\"spacer.default\">\n\t\t\t\t<div class=\"elementor-widget-container\">\n\t\t\t\t\t\t\t<div class=\"elementor-spacer\">\n\t\t\t<div class=\"elementor-spacer-inner\"><\/div>\n\t\t<\/div>\n\t\t\t\t\t\t<\/div>\n\t\t\t\t<\/div>\n\t\t\t\t<div class=\"elementor-element elementor-element-727cb71 elementor-widget elementor-widget-heading\" data-id=\"727cb71\" data-element_type=\"widget\" data-widget_type=\"heading.default\">\n\t\t\t\t<div class=\"elementor-widget-container\">\n\t\t\t\t\t<h2 class=\"elementor-heading-title elementor-size-default\">PROTECTION PROTOCOLS &amp; STANDARDS<\/h2>\t\t\t\t<\/div>\n\t\t\t\t<\/div>\n\t\t\t\t<div class=\"elementor-element elementor-element-60c6916 elementor-widget elementor-widget-text-editor\" data-id=\"60c6916\" data-element_type=\"widget\" data-widget_type=\"text-editor.default\">\n\t\t\t\t<div class=\"elementor-widget-container\">\n\t\t\t\t\t\t\t\t\t<p>Le stress induit par les intervenants et la crainte de la douleur font partie du r\u00e9alisme de la formation, mais les participants <u>doivent<\/u> \u00eatre prot\u00e9g\u00e9 de mani\u00e8re responsable contre tout dommage grave. La t\u00eate, le visage et le cou sont des zones sp\u00e9cifiques qui n\u00e9cessitent une protection compl\u00e8te, tant contre les projectiles que contre les chocs. De nombreux rapports de blessures graves d'utilisateurs de la police portant un \u00e9quipement de formation insuffisant ou d'utilisation indisciplin\u00e9e de l'\u00e9quipement lors d'une formation force contre force ont \u00e9t\u00e9 signal\u00e9. Un geste aussi simple que d soulever une visi\u00e8re pour essuyer la bu\u00e9e a, par le pass\u00e9, entra\u00een\u00e9 la perte d'un \u0153il pour un membre des forces de l'ordre.<\/p>\t\t\t\t\t\t\t\t<\/div>\n\t\t\t\t<\/div>\n\t\t\t\t<div class=\"elementor-element elementor-element-e69191b elementor-widget-divider--view-line elementor-widget elementor-widget-divider\" data-id=\"e69191b\" data-element_type=\"widget\" data-widget_type=\"divider.default\">\n\t\t\t\t<div class=\"elementor-widget-container\">\n\t\t\t\t\t\t\t<div class=\"elementor-divider\">\n\t\t\t<span class=\"elementor-divider-separator\">\n\t\t\t\t\t\t<\/span>\n\t\t<\/div>\n\t\t\t\t\t\t<\/div>\n\t\t\t\t<\/div>\n\t\t\t\t<section class=\"elementor-section elementor-inner-section elementor-element elementor-element-7fe2127 elementor-section-boxed elementor-section-height-default elementor-section-height-default\" data-id=\"7fe2127\" data-element_type=\"section\">\n\t\t\t\t\t\t<div class=\"elementor-container elementor-column-gap-default\">\n\t\t\t\t\t<div class=\"elementor-column elementor-col-50 elementor-inner-column elementor-element elementor-element-2a14b4b\" data-id=\"2a14b4b\" data-element_type=\"column\">\n\t\t\t<div class=\"elementor-widget-wrap elementor-element-populated\">\n\t\t\t\t\t\t<div class=\"elementor-element elementor-element-3449b33 elementor-widget elementor-widget-image\" data-id=\"3449b33\" data-element_type=\"widget\" data-widget_type=\"image.default\">\n\t\t\t\t<div class=\"elementor-widget-container\">\n\t\t\t\t\t\t\t\t\t\t\t\t\t\t\t<img fetchpriority=\"high\" decoding=\"async\" width=\"800\" height=\"800\" src=\"https:\/\/warqhelmets.com\/wp-content\/uploads\/2023\/03\/WARQ-Helmet-Blk-Angle-1024x1024.jpg\" class=\"attachment-large size-large wp-image-224\" alt=\"\" srcset=\"https:\/\/warqhelmets.com\/wp-content\/uploads\/2023\/03\/WARQ-Helmet-Blk-Angle-1024x1024.jpg 1024w, https:\/\/warqhelmets.com\/wp-content\/uploads\/2023\/03\/WARQ-Helmet-Blk-Angle-300x300.jpg 300w, https:\/\/warqhelmets.com\/wp-content\/uploads\/2023\/03\/WARQ-Helmet-Blk-Angle-150x150.jpg 150w, https:\/\/warqhelmets.com\/wp-content\/uploads\/2023\/03\/WARQ-Helmet-Blk-Angle-768x768.jpg 768w, https:\/\/warqhelmets.com\/wp-content\/uploads\/2023\/03\/WARQ-Helmet-Blk-Angle-1536x1536.jpg 1536w, https:\/\/warqhelmets.com\/wp-content\/uploads\/2023\/03\/WARQ-Helmet-Blk-Angle-600x600.jpg 600w, https:\/\/warqhelmets.com\/wp-content\/uploads\/2023\/03\/WARQ-Helmet-Blk-Angle.jpg 2000w\" sizes=\"(max-width: 800px) 100vw, 800px\" \/>\t\t\t\t\t\t\t\t\t\t\t\t\t\t\t<\/div>\n\t\t\t\t<\/div>\n\t\t\t\t\t<\/div>\n\t\t<\/div>\n\t\t\t\t<div class=\"elementor-column elementor-col-50 elementor-inner-column elementor-element elementor-element-f67385f\" data-id=\"f67385f\" data-element_type=\"column\">\n\t\t\t<div class=\"elementor-widget-wrap elementor-element-populated\">\n\t\t\t\t\t\t<div class=\"elementor-element elementor-element-7cb30e0 elementor-widget elementor-widget-text-editor\" data-id=\"7cb30e0\" data-element_type=\"widget\" data-widget_type=\"text-editor.default\">\n\t\t\t\t<div class=\"elementor-widget-container\">\n\t\t\t\t\t\t\t\t\t<p>Le casque WARQ Pro a \u00e9t\u00e9 pens\u00e9 avec des fonctionnalit\u00e9s sp\u00e9cialement con\u00e7ues pour les sc\u00e9narios de formation des forces de l'ordre afin de prot\u00e9ger l'utilisateur et de maintenir la formation aussi r\u00e9aliste que possible.<\/p>\t\t\t\t\t\t\t\t<\/div>\n\t\t\t\t<\/div>\n\t\t\t\t<div class=\"elementor-element elementor-element-0a03f08 elementor-icon-list--layout-traditional elementor-list-item-link-full_width elementor-widget elementor-widget-icon-list\" data-id=\"0a03f08\" data-element_type=\"widget\" data-widget_type=\"icon-list.default\">\n\t\t\t\t<div class=\"elementor-widget-container\">\n\t\t\t\t\t\t\t<ul class=\"elementor-icon-list-items\">\n\t\t\t\t\t\t\t<li class=\"elementor-icon-list-item\">\n\t\t\t\t\t\t\t\t\t\t\t<span class=\"elementor-icon-list-icon\">\n\t\t\t\t\t\t\t<i aria-hidden=\"true\" class=\"fas fa-chevron-right\"><\/i>\t\t\t\t\t\t<\/span>\n\t\t\t\t\t\t\t\t\t\t<span class=\"elementor-icon-list-text\"><strong>Prot\u00e8ge contre\u00a0: <\/strong>UTM Rounds\u00ae, Simunition\u00ae, Force-on-Force\u00ae et Arex\u00ae<\/span>\n\t\t\t\t\t\t\t\t\t<\/li>\n\t\t\t\t\t\t\t\t<li class=\"elementor-icon-list-item\">\n\t\t\t\t\t\t\t\t\t\t\t<span class=\"elementor-icon-list-icon\">\n\t\t\t\t\t\t\t<i aria-hidden=\"true\" class=\"fas fa-chevron-right\"><\/i>\t\t\t\t\t\t<\/span>\n\t\t\t\t\t\t\t\t\t\t<span class=\"elementor-icon-list-text\">Meilleur casque anti-bu\u00e9e sur le march\u00e9<\/span>\n\t\t\t\t\t\t\t\t\t<\/li>\n\t\t\t\t\t\t\t\t<li class=\"elementor-icon-list-item\">\n\t\t\t\t\t\t\t\t\t\t\t<span class=\"elementor-icon-list-icon\">\n\t\t\t\t\t\t\t<i aria-hidden=\"true\" class=\"fas fa-chevron-right\"><\/i>\t\t\t\t\t\t<\/span>\n\t\t\t\t\t\t\t\t\t\t<span class=\"elementor-icon-list-text\">Champ de vision extra large (210 degr\u00e9s)<\/span>\n\t\t\t\t\t\t\t\t\t<\/li>\n\t\t\t\t\t\t\t\t<li class=\"elementor-icon-list-item\">\n\t\t\t\t\t\t\t\t\t\t\t<span class=\"elementor-icon-list-icon\">\n\t\t\t\t\t\t\t<i aria-hidden=\"true\" class=\"fas fa-chevron-right\"><\/i>\t\t\t\t\t\t<\/span>\n\t\t\t\t\t\t\t\t\t\t<span class=\"elementor-icon-list-text\">Taille unique<\/span>\n\t\t\t\t\t\t\t\t\t<\/li>\n\t\t\t\t\t\t\t\t<li class=\"elementor-icon-list-item\">\n\t\t\t\t\t\t\t\t\t\t\t<span class=\"elementor-icon-list-icon\">\n\t\t\t\t\t\t\t<i aria-hidden=\"true\" class=\"fas fa-chevron-right\"><\/i>\t\t\t\t\t\t<\/span>\n\t\t\t\t\t\t\t\t\t\t<span class=\"elementor-icon-list-text\">Membre NTOA Test\u00e9 et Recommand\u00e9<\/span>\n\t\t\t\t\t\t\t\t\t<\/li>\n\t\t\t\t\t\t<\/ul>\n\t\t\t\t\t\t<\/div>\n\t\t\t\t<\/div>\n\t\t\t\t<div class=\"elementor-element elementor-element-49e33c2 elementor-widget elementor-widget-button\" data-id=\"49e33c2\" data-element_type=\"widget\" data-widget_type=\"button.default\">\n\t\t\t\t<div class=\"elementor-widget-container\">\n\t\t\t\t\t\t\t\t\t<div class=\"elementor-button-wrapper\">\n\t\t\t\t\t<a class=\"elementor-button elementor-button-link elementor-size-sm\" href=\"https:\/\/warqhelmets.com\/fr\/warq-pro\/\">\n\t\t\t\t\t\t<span class=\"elementor-button-content-wrapper\">\n\t\t\t\t\t\t\t\t\t<span class=\"elementor-button-text\">EN SAVOIR PLUS<\/span>\n\t\t\t\t\t<\/span>\n\t\t\t\t\t<\/a>\n\t\t\t\t<\/div>\n\t\t\t\t\t\t\t\t<\/div>\n\t\t\t\t<\/div>\n\t\t\t\t\t<\/div>\n\t\t<\/div>\n\t\t\t\t\t<\/div>\n\t\t<\/section>\n\t\t\t\t\t<\/div>\n\t\t<\/div>\n\t\t\t\t\t<\/div>\n\t\t<\/section>\n\t\t\t\t<\/div>","protected":false},"excerpt":{"rendered":"<p>NO SUCH THING AS A ROUTINE CALL: SCENARIO BASED TRAINING FOR LAW ENFORCEMENT One of the primary goals for any modern police force is to provide realistic, effective training that prepares officers for real-world situations. This is critically important not only for officer safety, but also for maintaining public trust. There are a number of [&hellip;]<\/p>","protected":false},"author":4,"featured_media":0,"parent":0,"menu_order":0,"comment_status":"closed","ping_status":"closed","template":"elementor_header_footer","meta":{"footnotes":""},"class_list":["post-197","page","type-page","status-publish","hentry"],"yoast_head":"<!-- This site is optimized with the Yoast SEO Premium plugin v20.3 (Yoast SEO v20.3) - https:\/\/yoast.com\/wordpress\/plugins\/seo\/ -->\n<title>ARTICLE: Scenario Based Training in Law Enforcement - WARQ | Force-On-Force Equipment<\/title>\n<meta name=\"description\" content=\"WARQ - One of the primary goals for any modern police force is to provide realistic, effective training that prepares officers for real-world situations. Force-on-Force, scenario based training is a perfect way to accomplish this.\" \/>\n<meta name=\"robots\" content=\"index, follow, max-snippet:-1, max-image-preview:large, max-video-preview:-1\" \/>\n<link rel=\"canonical\" href=\"https:\/\/warqhelmets.com\/fr\/article-formation-basee-sur-des-scenarios-dans-lapplication-de-la-loi\/\" \/>\n<meta property=\"og:locale\" content=\"fr_FR\" \/>\n<meta property=\"og:type\" content=\"article\" \/>\n<meta property=\"og:title\" content=\"ARTICLE: Scenario Based Training in Law Enforcement\" \/>\n<meta property=\"og:description\" content=\"WARQ - One of the primary goals for any modern police force is to provide realistic, effective training that prepares officers for real-world situations. Force-on-Force, scenario based training is a perfect way to accomplish this.\" \/>\n<meta property=\"og:url\" content=\"https:\/\/warqhelmets.com\/fr\/article-formation-basee-sur-des-scenarios-dans-lapplication-de-la-loi\/\" \/>\n<meta property=\"og:site_name\" content=\"WARQ | Force-On-Force Equipment\" \/>\n<meta property=\"article:publisher\" content=\"https:\/\/www.facebook.com\/warqhelmet\/\" \/>\n<meta property=\"article:modified_time\" content=\"2024-11-19T16:38:32+00:00\" \/>\n<meta property=\"og:image\" content=\"https:\/\/warqhelmets.com\/wp-content\/uploads\/2023\/03\/WARQ-Helmet-Blk-Angle-1024x1024.jpg\" \/>\n<meta name=\"twitter:card\" content=\"summary_large_image\" \/>\n<meta name=\"twitter:label1\" content=\"Dur\u00e9e de lecture estim\u00e9e\" \/>\n\t<meta name=\"twitter:data1\" content=\"3 minutes\" \/>\n<script type=\"application\/ld+json\" class=\"yoast-schema-graph\">{\"@context\":\"https:\/\/schema.org\",\"@graph\":[{\"@type\":\"WebPage\",\"@id\":\"https:\/\/warqhelmets.com\/article-scenario-based-training-in-law-enforcement\/\",\"url\":\"https:\/\/warqhelmets.com\/article-scenario-based-training-in-law-enforcement\/\",\"name\":\"ARTICLE: Scenario Based Training in Law Enforcement - WARQ | Force-On-Force Equipment\",\"isPartOf\":{\"@id\":\"https:\/\/warqhelmets.com\/#website\"},\"datePublished\":\"2023-03-17T15:58:31+00:00\",\"dateModified\":\"2024-11-19T16:38:32+00:00\",\"description\":\"WARQ - One of the primary goals for any modern police force is to provide realistic, effective training that prepares officers for real-world situations. Force-on-Force, scenario based training is a perfect way to accomplish this.\",\"breadcrumb\":{\"@id\":\"https:\/\/warqhelmets.com\/article-scenario-based-training-in-law-enforcement\/#breadcrumb\"},\"inLanguage\":\"fr-FR\",\"potentialAction\":[{\"@type\":\"ReadAction\",\"target\":[\"https:\/\/warqhelmets.com\/article-scenario-based-training-in-law-enforcement\/\"]}]},{\"@type\":\"BreadcrumbList\",\"@id\":\"https:\/\/warqhelmets.com\/article-scenario-based-training-in-law-enforcement\/#breadcrumb\",\"itemListElement\":[{\"@type\":\"ListItem\",\"position\":1,\"name\":\"Home\",\"item\":\"https:\/\/warqhelmets.com\/\"},{\"@type\":\"ListItem\",\"position\":2,\"name\":\"ARTICLE: Scenario Based Training in Law Enforcement\"}]},{\"@type\":\"WebSite\",\"@id\":\"https:\/\/warqhelmets.com\/#website\",\"url\":\"https:\/\/warqhelmets.com\/\",\"name\":\"WARQ Pro Helmets - Zero Fog Helmets for Training Ammunition\",\"description\":\"The WARQ PRO helmet has been designed specifically for use in training with marking rounds\/Simunition\/FOF ammunition.\",\"publisher\":{\"@id\":\"https:\/\/warqhelmets.com\/#organization\"},\"potentialAction\":[{\"@type\":\"SearchAction\",\"target\":{\"@type\":\"EntryPoint\",\"urlTemplate\":\"https:\/\/warqhelmets.com\/?s={search_term_string}\"},\"query-input\":\"required name=search_term_string\"}],\"inLanguage\":\"fr-FR\"},{\"@type\":\"Organization\",\"@id\":\"https:\/\/warqhelmets.com\/#organization\",\"name\":\"WARQ\",\"url\":\"https:\/\/warqhelmets.com\/\",\"logo\":{\"@type\":\"ImageObject\",\"inLanguage\":\"fr-FR\",\"@id\":\"https:\/\/warqhelmets.com\/#\/schema\/logo\/image\/\",\"url\":\"https:\/\/warqhelmets.com\/wp-content\/uploads\/2023\/01\/WARQ-Logo-BLK.png\",\"contentUrl\":\"https:\/\/warqhelmets.com\/wp-content\/uploads\/2023\/01\/WARQ-Logo-BLK.png\",\"width\":1000,\"height\":452,\"caption\":\"WARQ\"},\"image\":{\"@id\":\"https:\/\/warqhelmets.com\/#\/schema\/logo\/image\/\"},\"sameAs\":[\"https:\/\/www.facebook.com\/warqhelmet\/\",\"https:\/\/www.instagram.com\/warqhelmet\/\"]}]}<\/script>\n<!-- \/ Yoast SEO Premium plugin. -->","yoast_head_json":{"title":"ARTICLE: Scenario Based Training in Law Enforcement - WARQ | Force-On-Force Equipment","description":"WARQ - One of the primary goals for any modern police force is to provide realistic, effective training that prepares officers for real-world situations. Force-on-Force, scenario based training is a perfect way to accomplish this.","robots":{"index":"index","follow":"follow","max-snippet":"max-snippet:-1","max-image-preview":"max-image-preview:large","max-video-preview":"max-video-preview:-1"},"canonical":"https:\/\/warqhelmets.com\/fr\/article-formation-basee-sur-des-scenarios-dans-lapplication-de-la-loi\/","og_locale":"fr_FR","og_type":"article","og_title":"ARTICLE: Scenario Based Training in Law Enforcement","og_description":"WARQ - One of the primary goals for any modern police force is to provide realistic, effective training that prepares officers for real-world situations. Force-on-Force, scenario based training is a perfect way to accomplish this.","og_url":"https:\/\/warqhelmets.com\/fr\/article-formation-basee-sur-des-scenarios-dans-lapplication-de-la-loi\/","og_site_name":"WARQ | Force-On-Force Equipment","article_publisher":"https:\/\/www.facebook.com\/warqhelmet\/","article_modified_time":"2024-11-19T16:38:32+00:00","og_image":[{"url":"https:\/\/warqhelmets.com\/wp-content\/uploads\/2023\/03\/WARQ-Helmet-Blk-Angle-1024x1024.jpg"}],"twitter_card":"summary_large_image","twitter_misc":{"Dur\u00e9e de lecture estim\u00e9e":"3 minutes"},"schema":{"@context":"https:\/\/schema.org","@graph":[{"@type":"WebPage","@id":"https:\/\/warqhelmets.com\/article-scenario-based-training-in-law-enforcement\/","url":"https:\/\/warqhelmets.com\/article-scenario-based-training-in-law-enforcement\/","name":"ARTICLE: Scenario Based Training in Law Enforcement - WARQ | Force-On-Force Equipment","isPartOf":{"@id":"https:\/\/warqhelmets.com\/#website"},"datePublished":"2023-03-17T15:58:31+00:00","dateModified":"2024-11-19T16:38:32+00:00","description":"WARQ - One of the primary goals for any modern police force is to provide realistic, effective training that prepares officers for real-world situations. Force-on-Force, scenario based training is a perfect way to accomplish this.","breadcrumb":{"@id":"https:\/\/warqhelmets.com\/article-scenario-based-training-in-law-enforcement\/#breadcrumb"},"inLanguage":"fr-FR","potentialAction":[{"@type":"ReadAction","target":["https:\/\/warqhelmets.com\/article-scenario-based-training-in-law-enforcement\/"]}]},{"@type":"BreadcrumbList","@id":"https:\/\/warqhelmets.com\/article-scenario-based-training-in-law-enforcement\/#breadcrumb","itemListElement":[{"@type":"ListItem","position":1,"name":"Home","item":"https:\/\/warqhelmets.com\/"},{"@type":"ListItem","position":2,"name":"ARTICLE: Scenario Based Training in Law Enforcement"}]},{"@type":"WebSite","@id":"https:\/\/warqhelmets.com\/#website","url":"https:\/\/warqhelmets.com\/","name":"WARQ Pro Helmets - Zero Fog Helmets for Training Ammunition","description":"The WARQ PRO helmet has been designed specifically for use in training with marking rounds\/Simunition\/FOF ammunition.","publisher":{"@id":"https:\/\/warqhelmets.com\/#organization"},"potentialAction":[{"@type":"SearchAction","target":{"@type":"EntryPoint","urlTemplate":"https:\/\/warqhelmets.com\/?s={search_term_string}"},"query-input":"required name=search_term_string"}],"inLanguage":"fr-FR"},{"@type":"Organization","@id":"https:\/\/warqhelmets.com\/#organization","name":"WARQ","url":"https:\/\/warqhelmets.com\/","logo":{"@type":"ImageObject","inLanguage":"fr-FR","@id":"https:\/\/warqhelmets.com\/#\/schema\/logo\/image\/","url":"https:\/\/warqhelmets.com\/wp-content\/uploads\/2023\/01\/WARQ-Logo-BLK.png","contentUrl":"https:\/\/warqhelmets.com\/wp-content\/uploads\/2023\/01\/WARQ-Logo-BLK.png","width":1000,"height":452,"caption":"WARQ"},"image":{"@id":"https:\/\/warqhelmets.com\/#\/schema\/logo\/image\/"},"sameAs":["https:\/\/www.facebook.com\/warqhelmet\/","https:\/\/www.instagram.com\/warqhelmet\/"]}]}},"featured_image_src":null,"featured_image_src_square":null,"_links":{"self":[{"href":"https:\/\/warqhelmets.com\/fr\/wp-json\/wp\/v2\/pages\/197","targetHints":{"allow":["GET"]}}],"collection":[{"href":"https:\/\/warqhelmets.com\/fr\/wp-json\/wp\/v2\/pages"}],"about":[{"href":"https:\/\/warqhelmets.com\/fr\/wp-json\/wp\/v2\/types\/page"}],"author":[{"embeddable":true,"href":"https:\/\/warqhelmets.com\/fr\/wp-json\/wp\/v2\/users\/4"}],"replies":[{"embeddable":true,"href":"https:\/\/warqhelmets.com\/fr\/wp-json\/wp\/v2\/comments?post=197"}],"version-history":[{"count":0,"href":"https:\/\/warqhelmets.com\/fr\/wp-json\/wp\/v2\/pages\/197\/revisions"}],"wp:attachment":[{"href":"https:\/\/warqhelmets.com\/fr\/wp-json\/wp\/v2\/media?parent=197"}],"curies":[{"name":"wp","href":"https:\/\/api.w.org\/{rel}","templated":true}]}}