{"id":235,"date":"2023-03-23T16:54:46","date_gmt":"2023-03-23T16:54:46","guid":{"rendered":"https:\/\/warqhelmets.com\/?page_id=235"},"modified":"2023-06-27T21:04:56","modified_gmt":"2023-06-27T21:04:56","slug":"warranty-claim","status":"publish","type":"page","link":"https:\/\/warqhelmets.com\/fr\/demande-de-garantie\/","title":{"rendered":"Demande de garantie"},"content":{"rendered":"<div data-elementor-type=\"wp-page\" data-elementor-id=\"235\" class=\"elementor elementor-235\">\n\t\t\t\t\t\t<section class=\"elementor-section elementor-top-section elementor-element elementor-element-21df0ae elementor-section-boxed elementor-section-height-default elementor-section-height-default\" data-id=\"21df0ae\" data-element_type=\"section\" data-settings=\"{&quot;background_background&quot;:&quot;classic&quot;}\">\n\t\t\t\t\t\t\t<div class=\"elementor-background-overlay\"><\/div>\n\t\t\t\t\t\t\t<div class=\"elementor-container elementor-column-gap-default\">\n\t\t\t\t\t<div class=\"elementor-column elementor-col-100 elementor-top-column elementor-element elementor-element-a0f3eb3\" data-id=\"a0f3eb3\" data-element_type=\"column\">\n\t\t\t<div class=\"elementor-widget-wrap elementor-element-populated\">\n\t\t\t\t\t\t<div class=\"elementor-element elementor-element-cf50749 elementor-widget elementor-widget-spacer\" data-id=\"cf50749\" data-element_type=\"widget\" data-widget_type=\"spacer.default\">\n\t\t\t\t<div class=\"elementor-widget-container\">\n\t\t\t\t\t\t\t<div class=\"elementor-spacer\">\n\t\t\t<div class=\"elementor-spacer-inner\"><\/div>\n\t\t<\/div>\n\t\t\t\t\t\t<\/div>\n\t\t\t\t<\/div>\n\t\t\t\t<section class=\"elementor-section elementor-inner-section elementor-element elementor-element-0a8f3ec elementor-section-boxed elementor-section-height-default elementor-section-height-default\" data-id=\"0a8f3ec\" data-element_type=\"section\" data-settings=\"{&quot;background_background&quot;:&quot;classic&quot;}\">\n\t\t\t\t\t\t<div class=\"elementor-container elementor-column-gap-default\">\n\t\t\t\t\t<div class=\"elementor-column elementor-col-100 elementor-inner-column elementor-element elementor-element-bb19a2f\" data-id=\"bb19a2f\" data-element_type=\"column\">\n\t\t\t<div class=\"elementor-widget-wrap elementor-element-populated\">\n\t\t\t\t\t\t<div class=\"elementor-element elementor-element-db8e18d elementor-widget elementor-widget-image\" data-id=\"db8e18d\" data-element_type=\"widget\" data-widget_type=\"image.default\">\n\t\t\t\t<div class=\"elementor-widget-container\">\n\t\t\t\t\t\t\t\t\t\t\t\t\t\t\t<img decoding=\"async\" src=\"https:\/\/warqhelmets.com\/wp-content\/uploads\/elementor\/thumbs\/Warq-skull-icon-wht-small-q0im43xlhjtesy54ul0ke6arj4lx6ksn085fsaswzk.png\" title=\"Warq-skull-icon-wht-petit\" alt=\"Warq-skull-icon-wht-petit\" loading=\"lazy\" \/>\t\t\t\t\t\t\t\t\t\t\t\t\t\t\t<\/div>\n\t\t\t\t<\/div>\n\t\t\t\t<div class=\"elementor-element elementor-element-74f44a2 elementor-widget elementor-widget-heading\" data-id=\"74f44a2\" data-element_type=\"widget\" data-widget_type=\"heading.default\">\n\t\t\t\t<div class=\"elementor-widget-container\">\n\t\t\t\t\t<h2 class=\"elementor-heading-title elementor-size-default\">DEMANDE DE GARANTIE<\/h2>\t\t\t\t<\/div>\n\t\t\t\t<\/div>\n\t\t\t\t<div class=\"elementor-element elementor-element-07ac075 elementor-widget elementor-widget-text-editor\" data-id=\"07ac075\" data-element_type=\"widget\" data-widget_type=\"text-editor.default\">\n\t\t\t\t<div class=\"elementor-widget-container\">\n\t\t\t\t\t\t\t\t\t<p class=\"p1\">Le programme de garantie du casque WARQ Pro est valide pour une p\u00e9riode de cinq (5) ans \u00e0 compter de la date d'achat du nouveau produit. Le programme de garantie WARQ Pro Helmet couvre les d\u00e9fauts de mat\u00e9riaux et de fabrication du casque \u00e0 condition d'un usage r\u00e9gulier. Le programme de garantie de cinq ans du casque WARQ Pro ne couvre pas la visi\u00e8re du casque, qui a une  garantie d'un (1) an.<\/p><p>Pour d\u00e9poser une demande de garantie, veuillez remplir le formulaire ci-dessous avec votre nom, vos coordonn\u00e9es et une br\u00e8ve description du probl\u00e8me que vous rencontrez. Notre \u00e9quipe du service client examinera votre r\u00e9clamation et vous r\u00e9pondra dans les plus brefs d\u00e9lais avec des instructions sur la proc\u00e9dure \u00e0 suivre.<\/p>\t\t\t\t\t\t\t\t<\/div>\n\t\t\t\t<\/div>\n\t\t\t\t<div class=\"elementor-element elementor-element-c3de036 elementor-widget-divider--view-line elementor-widget elementor-widget-divider\" data-id=\"c3de036\" data-element_type=\"widget\" data-widget_type=\"divider.default\">\n\t\t\t\t<div class=\"elementor-widget-container\">\n\t\t\t\t\t\t\t<div class=\"elementor-divider\">\n\t\t\t<span class=\"elementor-divider-separator\">\n\t\t\t\t\t\t<\/span>\n\t\t<\/div>\n\t\t\t\t\t\t<\/div>\n\t\t\t\t<\/div>\n\t\t\t\t<div class=\"elementor-element elementor-element-1e379db elementor-widget elementor-widget-heading\" data-id=\"1e379db\" data-element_type=\"widget\" data-widget_type=\"heading.default\">\n\t\t\t\t<div class=\"elementor-widget-container\">\n\t\t\t\t\t<h2 class=\"elementor-heading-title elementor-size-default\">SOUMETTRE LA R\u00c9CLAMATION<\/h2>\t\t\t\t<\/div>\n\t\t\t\t<\/div>\n\t\t\t\t<div class=\"elementor-element elementor-element-d22523c elementor-widget elementor-widget-html\" data-id=\"d22523c\" data-element_type=\"widget\" data-widget_type=\"html.default\">\n\t\t\t\t<div class=\"elementor-widget-container\">\n\t\t\t\t\t<script type=\"text\/javascript\" src=\"https:\/\/form.jotform.com\/jsform\/230815324389257\"><\/script>\t\t\t\t<\/div>\n\t\t\t\t<\/div>\n\t\t\t\t<div class=\"elementor-element elementor-element-e93765a elementor-widget-divider--view-line elementor-widget elementor-widget-divider\" data-id=\"e93765a\" data-element_type=\"widget\" data-widget_type=\"divider.default\">\n\t\t\t\t<div class=\"elementor-widget-container\">\n\t\t\t\t\t\t\t<div class=\"elementor-divider\">\n\t\t\t<span class=\"elementor-divider-separator\">\n\t\t\t\t\t\t<\/span>\n\t\t<\/div>\n\t\t\t\t\t\t<\/div>\n\t\t\t\t<\/div>\n\t\t\t\t<div class=\"elementor-element elementor-element-6e9fb1f elementor-widget elementor-widget-text-editor\" data-id=\"6e9fb1f\" data-element_type=\"widget\" data-widget_type=\"text-editor.default\">\n\t\t\t\t<div class=\"elementor-widget-container\">\n\t\t\t\t\t\t\t\t\t<p class=\"p1\">Ce qui suit n&#039;est PAS couvert par la garantie\u00a0:<\/p>\t\t\t\t\t\t\t\t<\/div>\n\t\t\t\t<\/div>\n\t\t\t\t<div class=\"elementor-element elementor-element-851abce elementor-icon-list--layout-traditional elementor-list-item-link-full_width elementor-widget elementor-widget-icon-list\" data-id=\"851abce\" data-element_type=\"widget\" data-widget_type=\"icon-list.default\">\n\t\t\t\t<div class=\"elementor-widget-container\">\n\t\t\t\t\t\t\t<ul class=\"elementor-icon-list-items\">\n\t\t\t\t\t\t\t<li class=\"elementor-icon-list-item\">\n\t\t\t\t\t\t\t\t\t\t\t<span class=\"elementor-icon-list-icon\">\n\t\t\t\t\t\t\t<i aria-hidden=\"true\" class=\"fas fa-chevron-right\"><\/i>\t\t\t\t\t\t<\/span>\n\t\t\t\t\t\t\t\t\t\t<span class=\"elementor-icon-list-text\">Casques endommag\u00e9s dans un accident<\/span>\n\t\t\t\t\t\t\t\t\t<\/li>\n\t\t\t\t\t\t\t\t<li class=\"elementor-icon-list-item\">\n\t\t\t\t\t\t\t\t\t\t\t<span class=\"elementor-icon-list-icon\">\n\t\t\t\t\t\t\t<i aria-hidden=\"true\" class=\"fas fa-chevron-right\"><\/i>\t\t\t\t\t\t<\/span>\n\t\t\t\t\t\t\t\t\t\t<span class=\"elementor-icon-list-text\">\u00c9gratignures ou bosses sur l'ext\u00e9rieur ou l\u2019\u00e9cran<\/span>\n\t\t\t\t\t\t\t\t\t<\/li>\n\t\t\t\t\t\t\t\t<li class=\"elementor-icon-list-item\">\n\t\t\t\t\t\t\t\t\t\t\t<span class=\"elementor-icon-list-icon\">\n\t\t\t\t\t\t\t<i aria-hidden=\"true\" class=\"fas fa-chevron-right\"><\/i>\t\t\t\t\t\t<\/span>\n\t\t\t\t\t\t\t\t\t\t<span class=\"elementor-icon-list-text\">Erreurs de maintenance ou dommages caus\u00e9s par une mauvaise utilisation (intentionnelle ou non)<\/span>\n\t\t\t\t\t\t\t\t\t<\/li>\n\t\t\t\t\t\t\t\t<li class=\"elementor-icon-list-item\">\n\t\t\t\t\t\t\t\t\t\t\t<span class=\"elementor-icon-list-icon\">\n\t\t\t\t\t\t\t<i aria-hidden=\"true\" class=\"fas fa-chevron-right\"><\/i>\t\t\t\t\t\t<\/span>\n\t\t\t\t\t\t\t\t\t\t<span class=\"elementor-icon-list-text\">Usure habituelle<\/span>\n\t\t\t\t\t\t\t\t\t<\/li>\n\t\t\t\t\t\t\t\t<li class=\"elementor-icon-list-item\">\n\t\t\t\t\t\t\t\t\t\t\t<span class=\"elementor-icon-list-icon\">\n\t\t\t\t\t\t\t<i aria-hidden=\"true\" class=\"fas fa-chevron-right\"><\/i>\t\t\t\t\t\t<\/span>\n\t\t\t\t\t\t\t\t\t\t<span class=\"elementor-icon-list-text\">Dommages caus\u00e9s par un mauvais entretien<\/span>\n\t\t\t\t\t\t\t\t\t<\/li>\n\t\t\t\t\t\t\t\t<li class=\"elementor-icon-list-item\">\n\t\t\t\t\t\t\t\t\t\t\t<span class=\"elementor-icon-list-icon\">\n\t\t\t\t\t\t\t<i aria-hidden=\"true\" class=\"fas fa-chevron-right\"><\/i>\t\t\t\t\t\t<\/span>\n\t\t\t\t\t\t\t\t\t\t<span class=\"elementor-icon-list-text\">Les dommages dus \u00e0 l'installation non conforme d'\u00e9quipements et d'accessoires, ainsi que les dommages dus \u00e0 l'installation d'\u00e9quipements ou d'accessoires tiers de mauvaise qualit\u00e9, d\u00e9fectueux ou incompatibles. <\/span>\n\t\t\t\t\t\t\t\t\t<\/li>\n\t\t\t\t\t\t\t\t<li class=\"elementor-icon-list-item\">\n\t\t\t\t\t\t\t\t\t\t\t<span class=\"elementor-icon-list-icon\">\n\t\t\t\t\t\t\t<i aria-hidden=\"true\" class=\"fas fa-chevron-right\"><\/i>\t\t\t\t\t\t<\/span>\n\t\t\t\t\t\t\t\t\t\t<span class=\"elementor-icon-list-text\">Dommages dus \u00e0 un mauvais nettoyage des \u00e9crans<\/span>\n\t\t\t\t\t\t\t\t\t<\/li>\n\t\t\t\t\t\t\t\t<li class=\"elementor-icon-list-item\">\n\t\t\t\t\t\t\t\t\t\t\t<span class=\"elementor-icon-list-icon\">\n\t\t\t\t\t\t\t<i aria-hidden=\"true\" class=\"fas fa-chevron-right\"><\/i>\t\t\t\t\t\t<\/span>\n\t\t\t\t\t\t\t\t\t\t<span class=\"elementor-icon-list-text\">Dommages caus\u00e9s par un mauvais lavage de la collerette<\/span>\n\t\t\t\t\t\t\t\t\t<\/li>\n\t\t\t\t\t\t\t\t<li class=\"elementor-icon-list-item\">\n\t\t\t\t\t\t\t\t\t\t\t<span class=\"elementor-icon-list-icon\">\n\t\t\t\t\t\t\t<i aria-hidden=\"true\" class=\"fas fa-chevron-right\"><\/i>\t\t\t\t\t\t<\/span>\n\t\t\t\t\t\t\t\t\t\t<span class=\"elementor-icon-list-text\">Toute modification, peinture personnalis\u00e9e ou alt\u00e9ration par le client <\/span>\n\t\t\t\t\t\t\t\t\t<\/li>\n\t\t\t\t\t\t<\/ul>\n\t\t\t\t\t\t<\/div>\n\t\t\t\t<\/div>\n\t\t\t\t<div class=\"elementor-element elementor-element-c7b4083 elementor-widget elementor-widget-text-editor\" data-id=\"c7b4083\" data-element_type=\"widget\" data-widget_type=\"text-editor.default\">\n\t\t\t\t<div class=\"elementor-widget-container\">\n\t\t\t\t\t\t\t\t\t<p class=\"p1\">WARQ d\u00e9cline toute responsabilit\u00e9 pour l'usage de la garantie pour des casques non conformes aux instructions d'utilisation, aux exigences de protection d\u00e9finies par les fabricants de munitions d'entra\u00eenement, ou pour tout casque ayant \u00e9t\u00e9 alt\u00e9r\u00e9 ou modifi\u00e9 par le client.<\/p>\t\t\t\t\t\t\t\t<\/div>\n\t\t\t\t<\/div>\n\t\t\t\t\t<\/div>\n\t\t<\/div>\n\t\t\t\t\t<\/div>\n\t\t<\/section>\n\t\t\t\t<section class=\"elementor-section elementor-inner-section elementor-element elementor-element-67eab47 elementor-section-boxed elementor-section-height-default elementor-section-height-default\" data-id=\"67eab47\" data-element_type=\"section\">\n\t\t\t\t\t\t<div class=\"elementor-container elementor-column-gap-default\">\n\t\t\t\t\t<div class=\"elementor-column elementor-col-100 elementor-inner-column elementor-element elementor-element-1ba5c9e\" data-id=\"1ba5c9e\" data-element_type=\"column\">\n\t\t\t<div class=\"elementor-widget-wrap elementor-element-populated\">\n\t\t\t\t\t\t<div class=\"elementor-element elementor-element-e2fd833 elementor-widget elementor-widget-spacer\" data-id=\"e2fd833\" data-element_type=\"widget\" data-widget_type=\"spacer.default\">\n\t\t\t\t<div class=\"elementor-widget-container\">\n\t\t\t\t\t\t\t<div class=\"elementor-spacer\">\n\t\t\t<div class=\"elementor-spacer-inner\"><\/div>\n\t\t<\/div>\n\t\t\t\t\t\t<\/div>\n\t\t\t\t<\/div>\n\t\t\t\t\t<\/div>\n\t\t<\/div>\n\t\t\t\t\t<\/div>\n\t\t<\/section>\n\t\t\t\t\t<\/div>\n\t\t<\/div>\n\t\t\t\t\t<\/div>\n\t\t<\/section>\n\t\t\t\t<\/div>","protected":false},"excerpt":{"rendered":"<p>WARRANTY CLAIM The WARQ Pro helmet warranty program is valid for a period of five (5) years commencing on the date the new product is purchased. The WARQ Pro Helmet warranty program covers material and manufacturing defects in the helmet on the condition of proper use. The five-year WARQ Pro Helmet warranty program does not [&hellip;]<\/p>","protected":false},"author":4,"featured_media":0,"parent":0,"menu_order":0,"comment_status":"closed","ping_status":"closed","template":"elementor_header_footer","meta":{"footnotes":""},"class_list":["post-235","page","type-page","status-publish","hentry"],"yoast_head":"<!-- This site is optimized with the Yoast SEO Premium plugin v20.3 (Yoast SEO v20.3) - https:\/\/yoast.com\/wordpress\/plugins\/seo\/ -->\n<title>Warranty Claim - WARQ | Force-On-Force Equipment<\/title>\n<meta name=\"robots\" content=\"index, follow, max-snippet:-1, max-image-preview:large, max-video-preview:-1\" \/>\n<link rel=\"canonical\" href=\"https:\/\/warqhelmets.com\/fr\/demande-de-garantie\/\" \/>\n<meta property=\"og:locale\" content=\"fr_FR\" \/>\n<meta property=\"og:type\" content=\"article\" \/>\n<meta property=\"og:title\" content=\"Warranty Claim\" \/>\n<meta property=\"og:description\" content=\"WARRANTY CLAIM The WARQ Pro helmet warranty program is valid for a period of five (5) years commencing on the date the new product is purchased. The WARQ Pro Helmet warranty program covers material and manufacturing defects in the helmet on the condition of proper use. The five-year WARQ Pro Helmet warranty program does not [&hellip;]\" \/>\n<meta property=\"og:url\" content=\"https:\/\/warqhelmets.com\/fr\/demande-de-garantie\/\" \/>\n<meta property=\"og:site_name\" content=\"WARQ | Force-On-Force Equipment\" \/>\n<meta property=\"article:publisher\" content=\"https:\/\/www.facebook.com\/warqhelmet\/\" \/>\n<meta property=\"article:modified_time\" content=\"2023-06-27T21:04:56+00:00\" \/>\n<meta property=\"og:image\" content=\"https:\/\/warqhelmets.com\/wp-content\/uploads\/elementor\/thumbs\/Warq-skull-icon-wht-small-q0im43xlhjtesy54ul0ke6arj4lx6ksn085fsaswzk.png\" \/>\n<meta name=\"twitter:card\" content=\"summary_large_image\" \/>\n<meta name=\"twitter:label1\" content=\"Dur\u00e9e de lecture estim\u00e9e\" \/>\n\t<meta name=\"twitter:data1\" content=\"2 minutes\" \/>\n<script type=\"application\/ld+json\" class=\"yoast-schema-graph\">{\"@context\":\"https:\/\/schema.org\",\"@graph\":[{\"@type\":\"WebPage\",\"@id\":\"https:\/\/warqhelmets.com\/warranty-claim\/\",\"url\":\"https:\/\/warqhelmets.com\/warranty-claim\/\",\"name\":\"Warranty Claim - WARQ | Force-On-Force Equipment\",\"isPartOf\":{\"@id\":\"https:\/\/warqhelmets.com\/#website\"},\"datePublished\":\"2023-03-23T16:54:46+00:00\",\"dateModified\":\"2023-06-27T21:04:56+00:00\",\"breadcrumb\":{\"@id\":\"https:\/\/warqhelmets.com\/warranty-claim\/#breadcrumb\"},\"inLanguage\":\"fr-FR\",\"potentialAction\":[{\"@type\":\"ReadAction\",\"target\":[\"https:\/\/warqhelmets.com\/warranty-claim\/\"]}]},{\"@type\":\"BreadcrumbList\",\"@id\":\"https:\/\/warqhelmets.com\/warranty-claim\/#breadcrumb\",\"itemListElement\":[{\"@type\":\"ListItem\",\"position\":1,\"name\":\"Home\",\"item\":\"https:\/\/warqhelmets.com\/\"},{\"@type\":\"ListItem\",\"position\":2,\"name\":\"Warranty Claim\"}]},{\"@type\":\"WebSite\",\"@id\":\"https:\/\/warqhelmets.com\/#website\",\"url\":\"https:\/\/warqhelmets.com\/\",\"name\":\"WARQ Pro Helmets - Zero Fog Helmets for Training Ammunition\",\"description\":\"The WARQ PRO helmet has been designed specifically for use in training with marking rounds\/Simunition\/FOF ammunition.\",\"publisher\":{\"@id\":\"https:\/\/warqhelmets.com\/#organization\"},\"potentialAction\":[{\"@type\":\"SearchAction\",\"target\":{\"@type\":\"EntryPoint\",\"urlTemplate\":\"https:\/\/warqhelmets.com\/?s={search_term_string}\"},\"query-input\":\"required name=search_term_string\"}],\"inLanguage\":\"fr-FR\"},{\"@type\":\"Organization\",\"@id\":\"https:\/\/warqhelmets.com\/#organization\",\"name\":\"WARQ\",\"url\":\"https:\/\/warqhelmets.com\/\",\"logo\":{\"@type\":\"ImageObject\",\"inLanguage\":\"fr-FR\",\"@id\":\"https:\/\/warqhelmets.com\/#\/schema\/logo\/image\/\",\"url\":\"https:\/\/warqhelmets.com\/wp-content\/uploads\/2023\/01\/WARQ-Logo-BLK.png\",\"contentUrl\":\"https:\/\/warqhelmets.com\/wp-content\/uploads\/2023\/01\/WARQ-Logo-BLK.png\",\"width\":1000,\"height\":452,\"caption\":\"WARQ\"},\"image\":{\"@id\":\"https:\/\/warqhelmets.com\/#\/schema\/logo\/image\/\"},\"sameAs\":[\"https:\/\/www.facebook.com\/warqhelmet\/\",\"https:\/\/www.instagram.com\/warqhelmet\/\"]}]}<\/script>\n<!-- \/ Yoast SEO Premium plugin. -->","yoast_head_json":{"title":"Warranty Claim - WARQ | Force-On-Force Equipment","robots":{"index":"index","follow":"follow","max-snippet":"max-snippet:-1","max-image-preview":"max-image-preview:large","max-video-preview":"max-video-preview:-1"},"canonical":"https:\/\/warqhelmets.com\/fr\/demande-de-garantie\/","og_locale":"fr_FR","og_type":"article","og_title":"Warranty Claim","og_description":"WARRANTY CLAIM The WARQ Pro helmet warranty program is valid for a period of five (5) years commencing on the date the new product is purchased. The WARQ Pro Helmet warranty program covers material and manufacturing defects in the helmet on the condition of proper use. The five-year WARQ Pro Helmet warranty program does not [&hellip;]","og_url":"https:\/\/warqhelmets.com\/fr\/demande-de-garantie\/","og_site_name":"WARQ | Force-On-Force Equipment","article_publisher":"https:\/\/www.facebook.com\/warqhelmet\/","article_modified_time":"2023-06-27T21:04:56+00:00","og_image":[{"url":"https:\/\/warqhelmets.com\/wp-content\/uploads\/elementor\/thumbs\/Warq-skull-icon-wht-small-q0im43xlhjtesy54ul0ke6arj4lx6ksn085fsaswzk.png"}],"twitter_card":"summary_large_image","twitter_misc":{"Dur\u00e9e de lecture estim\u00e9e":"2 minutes"},"schema":{"@context":"https:\/\/schema.org","@graph":[{"@type":"WebPage","@id":"https:\/\/warqhelmets.com\/warranty-claim\/","url":"https:\/\/warqhelmets.com\/warranty-claim\/","name":"Warranty Claim - WARQ | Force-On-Force Equipment","isPartOf":{"@id":"https:\/\/warqhelmets.com\/#website"},"datePublished":"2023-03-23T16:54:46+00:00","dateModified":"2023-06-27T21:04:56+00:00","breadcrumb":{"@id":"https:\/\/warqhelmets.com\/warranty-claim\/#breadcrumb"},"inLanguage":"fr-FR","potentialAction":[{"@type":"ReadAction","target":["https:\/\/warqhelmets.com\/warranty-claim\/"]}]},{"@type":"BreadcrumbList","@id":"https:\/\/warqhelmets.com\/warranty-claim\/#breadcrumb","itemListElement":[{"@type":"ListItem","position":1,"name":"Home","item":"https:\/\/warqhelmets.com\/"},{"@type":"ListItem","position":2,"name":"Warranty Claim"}]},{"@type":"WebSite","@id":"https:\/\/warqhelmets.com\/#website","url":"https:\/\/warqhelmets.com\/","name":"WARQ Pro Helmets - Zero Fog Helmets for Training Ammunition","description":"The WARQ PRO helmet has been designed specifically for use in training with marking rounds\/Simunition\/FOF ammunition.","publisher":{"@id":"https:\/\/warqhelmets.com\/#organization"},"potentialAction":[{"@type":"SearchAction","target":{"@type":"EntryPoint","urlTemplate":"https:\/\/warqhelmets.com\/?s={search_term_string}"},"query-input":"required name=search_term_string"}],"inLanguage":"fr-FR"},{"@type":"Organization","@id":"https:\/\/warqhelmets.com\/#organization","name":"WARQ","url":"https:\/\/warqhelmets.com\/","logo":{"@type":"ImageObject","inLanguage":"fr-FR","@id":"https:\/\/warqhelmets.com\/#\/schema\/logo\/image\/","url":"https:\/\/warqhelmets.com\/wp-content\/uploads\/2023\/01\/WARQ-Logo-BLK.png","contentUrl":"https:\/\/warqhelmets.com\/wp-content\/uploads\/2023\/01\/WARQ-Logo-BLK.png","width":1000,"height":452,"caption":"WARQ"},"image":{"@id":"https:\/\/warqhelmets.com\/#\/schema\/logo\/image\/"},"sameAs":["https:\/\/www.facebook.com\/warqhelmet\/","https:\/\/www.instagram.com\/warqhelmet\/"]}]}},"featured_image_src":null,"featured_image_src_square":null,"_links":{"self":[{"href":"https:\/\/warqhelmets.com\/fr\/wp-json\/wp\/v2\/pages\/235","targetHints":{"allow":["GET"]}}],"collection":[{"href":"https:\/\/warqhelmets.com\/fr\/wp-json\/wp\/v2\/pages"}],"about":[{"href":"https:\/\/warqhelmets.com\/fr\/wp-json\/wp\/v2\/types\/page"}],"author":[{"embeddable":true,"href":"https:\/\/warqhelmets.com\/fr\/wp-json\/wp\/v2\/users\/4"}],"replies":[{"embeddable":true,"href":"https:\/\/warqhelmets.com\/fr\/wp-json\/wp\/v2\/comments?post=235"}],"version-history":[{"count":0,"href":"https:\/\/warqhelmets.com\/fr\/wp-json\/wp\/v2\/pages\/235\/revisions"}],"wp:attachment":[{"href":"https:\/\/warqhelmets.com\/fr\/wp-json\/wp\/v2\/media?parent=235"}],"curies":[{"name":"wp","href":"https:\/\/api.w.org\/{rel}","templated":true}]}}